{"id":1914,"date":"2017-12-12T17:10:57","date_gmt":"2017-12-12T17:10:57","guid":{"rendered":"https:\/\/supervac.co\/?page_id=1914"},"modified":"2025-08-20T11:02:14","modified_gmt":"2025-08-20T15:02:14","slug":"accueil","status":"publish","type":"page","link":"https:\/\/supervac.co\/fr\/","title":{"rendered":"ACCUEIL"},"content":{"rendered":"","protected":false},"excerpt":{"rendered":"","protected":false},"author":7,"featured_media":0,"parent":0,"menu_order":-100,"comment_status":"closed","ping_status":"closed","template":"","meta":{"_acf_changed":false,"footnotes":""},"class_list":["post-1914","page","type-page","status-publish","hentry"],"acf":[],"yoast_head":"<!-- This site is optimized with the Yoast SEO plugin v27.2 - https:\/\/yoast.com\/product\/yoast-seo-wordpress\/ -->\n<title>Supervac, votre manufacturier d\u2019\u00e9quipements et camions vacuum sur mesure<\/title>\n<meta name=\"description\" content=\"Supervac fabrique des \u00e9quipements vacuum et sp\u00e9cialis\u00e9s. Combin\u00e9 nettoyeur d&#039;\u00e9gout, syst\u00e8mes vacuum mobiles, hydrovac et camions sur mesure con\u00e7us pour r\u00e9pondre \u00e0 vos besoins.\" \/>\n<meta name=\"robots\" content=\"index, follow, max-snippet:-1, max-image-preview:large, max-video-preview:-1\" \/>\n<link rel=\"canonical\" href=\"https:\/\/supervac.co\/fr\/\" \/>\n<meta property=\"og:locale\" content=\"fr_FR\" \/>\n<meta property=\"og:type\" content=\"article\" \/>\n<meta property=\"og:title\" content=\"Supervac, votre manufacturier d\u2019\u00e9quipements et camions vacuum sur mesure\" \/>\n<meta property=\"og:description\" content=\"Supervac fabrique des \u00e9quipements vacuum et sp\u00e9cialis\u00e9s. Combin\u00e9 nettoyeur d&#039;\u00e9gout, syst\u00e8mes vacuum mobiles, hydrovac et camions sur mesure con\u00e7us pour r\u00e9pondre \u00e0 vos besoins.\" \/>\n<meta property=\"og:url\" content=\"https:\/\/supervac.co\/fr\/\" \/>\n<meta property=\"og:site_name\" content=\"Supervac\" \/>\n<meta property=\"article:publisher\" content=\"https:\/\/www.facebook.com\/supervac2000\/\" \/>\n<meta property=\"article:modified_time\" content=\"2025-08-20T15:02:14+00:00\" \/>\n<meta name=\"twitter:card\" content=\"summary_large_image\" \/>\n<meta name=\"twitter:label1\" content=\"Est. reading time\" \/>\n\t<meta name=\"twitter:data1\" content=\"2 minutes\" \/>\n<script type=\"application\/ld+json\" class=\"yoast-schema-graph\">{\"@context\":\"https:\/\/schema.org\",\"@graph\":[{\"@type\":\"WebPage\",\"@id\":\"https:\/\/supervac.co\/fr\/\",\"url\":\"https:\/\/supervac.co\/fr\/\",\"name\":\"Supervac, votre manufacturier d\u2019\u00e9quipements et camions vacuum sur mesure\",\"isPartOf\":{\"@id\":\"https:\/\/supervac.co\/#website\"},\"datePublished\":\"2017-12-12T17:10:57+00:00\",\"dateModified\":\"2025-08-20T15:02:14+00:00\",\"description\":\"Supervac fabrique des \u00e9quipements vacuum et sp\u00e9cialis\u00e9s. Combin\u00e9 nettoyeur d'\u00e9gout, syst\u00e8mes vacuum mobiles, hydrovac et camions sur mesure con\u00e7us pour r\u00e9pondre \u00e0 vos besoins.\",\"breadcrumb\":{\"@id\":\"https:\/\/supervac.co\/fr\/#breadcrumb\"},\"inLanguage\":\"fr-CA\",\"potentialAction\":[{\"@type\":\"ReadAction\",\"target\":[\"https:\/\/supervac.co\/fr\/\"]}]},{\"@type\":\"BreadcrumbList\",\"@id\":\"https:\/\/supervac.co\/fr\/#breadcrumb\",\"itemListElement\":[{\"@type\":\"ListItem\",\"position\":1,\"name\":\"Accueil\",\"item\":\"https:\/\/supervac.co\/fr\/\"},{\"@type\":\"ListItem\",\"position\":2,\"name\":\"ACCUEIL\"}]},{\"@type\":\"WebSite\",\"@id\":\"https:\/\/supervac.co\/#website\",\"url\":\"https:\/\/supervac.co\/\",\"name\":\"Supervac\",\"description\":\"\",\"potentialAction\":[{\"@type\":\"SearchAction\",\"target\":{\"@type\":\"EntryPoint\",\"urlTemplate\":\"https:\/\/supervac.co\/?s={search_term_string}\"},\"query-input\":{\"@type\":\"PropertyValueSpecification\",\"valueRequired\":true,\"valueName\":\"search_term_string\"}}],\"inLanguage\":\"fr-CA\"}]}<\/script>\n<!-- \/ Yoast SEO plugin. -->","yoast_head_json":{"title":"Supervac, votre manufacturier d\u2019\u00e9quipements et camions vacuum sur mesure","description":"Supervac fabrique des \u00e9quipements vacuum et sp\u00e9cialis\u00e9s. Combin\u00e9 nettoyeur d'\u00e9gout, syst\u00e8mes vacuum mobiles, hydrovac et camions sur mesure con\u00e7us pour r\u00e9pondre \u00e0 vos besoins.","robots":{"index":"index","follow":"follow","max-snippet":"max-snippet:-1","max-image-preview":"max-image-preview:large","max-video-preview":"max-video-preview:-1"},"canonical":"https:\/\/supervac.co\/fr\/","og_locale":"fr_FR","og_type":"article","og_title":"Supervac, votre manufacturier d\u2019\u00e9quipements et camions vacuum sur mesure","og_description":"Supervac fabrique des \u00e9quipements vacuum et sp\u00e9cialis\u00e9s. Combin\u00e9 nettoyeur d'\u00e9gout, syst\u00e8mes vacuum mobiles, hydrovac et camions sur mesure con\u00e7us pour r\u00e9pondre \u00e0 vos besoins.","og_url":"https:\/\/supervac.co\/fr\/","og_site_name":"Supervac","article_publisher":"https:\/\/www.facebook.com\/supervac2000\/","article_modified_time":"2025-08-20T15:02:14+00:00","twitter_card":"summary_large_image","twitter_misc":{"Est. reading time":"2 minutes"},"schema":{"@context":"https:\/\/schema.org","@graph":[{"@type":"WebPage","@id":"https:\/\/supervac.co\/fr\/","url":"https:\/\/supervac.co\/fr\/","name":"Supervac, votre manufacturier d\u2019\u00e9quipements et camions vacuum sur mesure","isPartOf":{"@id":"https:\/\/supervac.co\/#website"},"datePublished":"2017-12-12T17:10:57+00:00","dateModified":"2025-08-20T15:02:14+00:00","description":"Supervac fabrique des \u00e9quipements vacuum et sp\u00e9cialis\u00e9s. Combin\u00e9 nettoyeur d'\u00e9gout, syst\u00e8mes vacuum mobiles, hydrovac et camions sur mesure con\u00e7us pour r\u00e9pondre \u00e0 vos besoins.","breadcrumb":{"@id":"https:\/\/supervac.co\/fr\/#breadcrumb"},"inLanguage":"fr-CA","potentialAction":[{"@type":"ReadAction","target":["https:\/\/supervac.co\/fr\/"]}]},{"@type":"BreadcrumbList","@id":"https:\/\/supervac.co\/fr\/#breadcrumb","itemListElement":[{"@type":"ListItem","position":1,"name":"Accueil","item":"https:\/\/supervac.co\/fr\/"},{"@type":"ListItem","position":2,"name":"ACCUEIL"}]},{"@type":"WebSite","@id":"https:\/\/supervac.co\/#website","url":"https:\/\/supervac.co\/","name":"Supervac","description":"","potentialAction":[{"@type":"SearchAction","target":{"@type":"EntryPoint","urlTemplate":"https:\/\/supervac.co\/?s={search_term_string}"},"query-input":{"@type":"PropertyValueSpecification","valueRequired":true,"valueName":"search_term_string"}}],"inLanguage":"fr-CA"}]}},"_links":{"self":[{"href":"https:\/\/supervac.co\/fr\/wp-json\/wp\/v2\/pages\/1914","targetHints":{"allow":["GET"]}}],"collection":[{"href":"https:\/\/supervac.co\/fr\/wp-json\/wp\/v2\/pages"}],"about":[{"href":"https:\/\/supervac.co\/fr\/wp-json\/wp\/v2\/types\/page"}],"author":[{"embeddable":true,"href":"https:\/\/supervac.co\/fr\/wp-json\/wp\/v2\/users\/7"}],"replies":[{"embeddable":true,"href":"https:\/\/supervac.co\/fr\/wp-json\/wp\/v2\/comments?post=1914"}],"version-history":[{"count":27,"href":"https:\/\/supervac.co\/fr\/wp-json\/wp\/v2\/pages\/1914\/revisions"}],"predecessor-version":[{"id":5220,"href":"https:\/\/supervac.co\/fr\/wp-json\/wp\/v2\/pages\/1914\/revisions\/5220"}],"wp:attachment":[{"href":"https:\/\/supervac.co\/fr\/wp-json\/wp\/v2\/media?parent=1914"}],"curies":[{"name":"wp","href":"https:\/\/api.w.org\/{rel}","templated":true}]}}