{"id":1915,"date":"2017-12-12T14:10:02","date_gmt":"2017-12-12T19:10:02","guid":{"rendered":"https:\/\/supervac.co\/?page_id=1915"},"modified":"2024-05-03T14:30:21","modified_gmt":"2024-05-03T18:30:21","slug":"camions-equipements","status":"publish","type":"page","link":"https:\/\/supervac.co\/fr\/camions-equipements\/","title":{"rendered":"Camions et \u00e9quipements"},"content":{"rendered":"","protected":false},"excerpt":{"rendered":"","protected":false},"author":7,"featured_media":0,"parent":0,"menu_order":-50,"comment_status":"closed","ping_status":"closed","template":"","meta":{"_acf_changed":false,"footnotes":""},"class_list":["post-1915","page","type-page","status-publish","hentry"],"acf":[],"yoast_head":"<!-- This site is optimized with the Yoast SEO plugin v27.2 - https:\/\/yoast.com\/product\/yoast-seo-wordpress\/ -->\n<title>Supervac | Camions vacuum sur mesure, hydro-excavatrice et nettoyeur d&#039;\u00e9gouts<\/title>\n<meta name=\"description\" content=\"Supervac fabrique des camions sp\u00e9cialis\u00e9s: des camions vacuum conventionnels, industriels ou combin\u00e9s, des hydro-excavatrices, des camions sanitaires ainsi que des nettoyeurs d&#039;\u00e9gouts.\" \/>\n<meta name=\"robots\" content=\"index, follow, max-snippet:-1, max-image-preview:large, max-video-preview:-1\" \/>\n<link rel=\"canonical\" href=\"https:\/\/supervac.co\/fr\/camions-equipements\/\" \/>\n<meta property=\"og:locale\" content=\"fr_FR\" \/>\n<meta property=\"og:type\" content=\"article\" \/>\n<meta property=\"og:title\" content=\"Supervac | Camions vacuum sur mesure, hydro-excavatrice et nettoyeur d&#039;\u00e9gouts\" \/>\n<meta property=\"og:description\" content=\"Supervac fabrique des camions sp\u00e9cialis\u00e9s: des camions vacuum conventionnels, industriels ou combin\u00e9s, des hydro-excavatrices, des camions sanitaires ainsi que des nettoyeurs d&#039;\u00e9gouts.\" \/>\n<meta property=\"og:url\" content=\"https:\/\/supervac.co\/fr\/camions-equipements\/\" \/>\n<meta property=\"og:site_name\" content=\"Supervac\" \/>\n<meta property=\"article:publisher\" content=\"https:\/\/www.facebook.com\/supervac2000\/\" \/>\n<meta property=\"article:modified_time\" content=\"2024-05-03T18:30:21+00:00\" \/>\n<meta name=\"twitter:card\" content=\"summary_large_image\" \/>\n<meta name=\"twitter:label1\" content=\"Est. reading time\" \/>\n\t<meta name=\"twitter:data1\" content=\"2 minutes\" \/>\n<script type=\"application\/ld+json\" class=\"yoast-schema-graph\">{\"@context\":\"https:\/\/schema.org\",\"@graph\":[{\"@type\":\"WebPage\",\"@id\":\"https:\/\/supervac.co\/fr\/camions-equipements\/\",\"url\":\"https:\/\/supervac.co\/fr\/camions-equipements\/\",\"name\":\"Supervac | Camions vacuum sur mesure, hydro-excavatrice et nettoyeur d'\u00e9gouts\",\"isPartOf\":{\"@id\":\"https:\/\/supervac.co\/#website\"},\"datePublished\":\"2017-12-12T19:10:02+00:00\",\"dateModified\":\"2024-05-03T18:30:21+00:00\",\"description\":\"Supervac fabrique des camions sp\u00e9cialis\u00e9s: des camions vacuum conventionnels, industriels ou combin\u00e9s, des hydro-excavatrices, des camions sanitaires ainsi que des nettoyeurs d'\u00e9gouts.\",\"breadcrumb\":{\"@id\":\"https:\/\/supervac.co\/fr\/camions-equipements\/#breadcrumb\"},\"inLanguage\":\"fr-CA\",\"potentialAction\":[{\"@type\":\"ReadAction\",\"target\":[\"https:\/\/supervac.co\/fr\/camions-equipements\/\"]}]},{\"@type\":\"BreadcrumbList\",\"@id\":\"https:\/\/supervac.co\/fr\/camions-equipements\/#breadcrumb\",\"itemListElement\":[{\"@type\":\"ListItem\",\"position\":1,\"name\":\"Accueil\",\"item\":\"https:\/\/supervac.co\/fr\/\"},{\"@type\":\"ListItem\",\"position\":2,\"name\":\"Camions et \u00e9quipements\"}]},{\"@type\":\"WebSite\",\"@id\":\"https:\/\/supervac.co\/#website\",\"url\":\"https:\/\/supervac.co\/\",\"name\":\"Supervac\",\"description\":\"\",\"potentialAction\":[{\"@type\":\"SearchAction\",\"target\":{\"@type\":\"EntryPoint\",\"urlTemplate\":\"https:\/\/supervac.co\/?s={search_term_string}\"},\"query-input\":{\"@type\":\"PropertyValueSpecification\",\"valueRequired\":true,\"valueName\":\"search_term_string\"}}],\"inLanguage\":\"fr-CA\"}]}<\/script>\n<!-- \/ Yoast SEO plugin. -->","yoast_head_json":{"title":"Supervac | Camions vacuum sur mesure, hydro-excavatrice et nettoyeur d'\u00e9gouts","description":"Supervac fabrique des camions sp\u00e9cialis\u00e9s: des camions vacuum conventionnels, industriels ou combin\u00e9s, des hydro-excavatrices, des camions sanitaires ainsi que des nettoyeurs d'\u00e9gouts.","robots":{"index":"index","follow":"follow","max-snippet":"max-snippet:-1","max-image-preview":"max-image-preview:large","max-video-preview":"max-video-preview:-1"},"canonical":"https:\/\/supervac.co\/fr\/camions-equipements\/","og_locale":"fr_FR","og_type":"article","og_title":"Supervac | Camions vacuum sur mesure, hydro-excavatrice et nettoyeur d'\u00e9gouts","og_description":"Supervac fabrique des camions sp\u00e9cialis\u00e9s: des camions vacuum conventionnels, industriels ou combin\u00e9s, des hydro-excavatrices, des camions sanitaires ainsi que des nettoyeurs d'\u00e9gouts.","og_url":"https:\/\/supervac.co\/fr\/camions-equipements\/","og_site_name":"Supervac","article_publisher":"https:\/\/www.facebook.com\/supervac2000\/","article_modified_time":"2024-05-03T18:30:21+00:00","twitter_card":"summary_large_image","twitter_misc":{"Est. reading time":"2 minutes"},"schema":{"@context":"https:\/\/schema.org","@graph":[{"@type":"WebPage","@id":"https:\/\/supervac.co\/fr\/camions-equipements\/","url":"https:\/\/supervac.co\/fr\/camions-equipements\/","name":"Supervac | Camions vacuum sur mesure, hydro-excavatrice et nettoyeur d'\u00e9gouts","isPartOf":{"@id":"https:\/\/supervac.co\/#website"},"datePublished":"2017-12-12T19:10:02+00:00","dateModified":"2024-05-03T18:30:21+00:00","description":"Supervac fabrique des camions sp\u00e9cialis\u00e9s: des camions vacuum conventionnels, industriels ou combin\u00e9s, des hydro-excavatrices, des camions sanitaires ainsi que des nettoyeurs d'\u00e9gouts.","breadcrumb":{"@id":"https:\/\/supervac.co\/fr\/camions-equipements\/#breadcrumb"},"inLanguage":"fr-CA","potentialAction":[{"@type":"ReadAction","target":["https:\/\/supervac.co\/fr\/camions-equipements\/"]}]},{"@type":"BreadcrumbList","@id":"https:\/\/supervac.co\/fr\/camions-equipements\/#breadcrumb","itemListElement":[{"@type":"ListItem","position":1,"name":"Accueil","item":"https:\/\/supervac.co\/fr\/"},{"@type":"ListItem","position":2,"name":"Camions et \u00e9quipements"}]},{"@type":"WebSite","@id":"https:\/\/supervac.co\/#website","url":"https:\/\/supervac.co\/","name":"Supervac","description":"","potentialAction":[{"@type":"SearchAction","target":{"@type":"EntryPoint","urlTemplate":"https:\/\/supervac.co\/?s={search_term_string}"},"query-input":{"@type":"PropertyValueSpecification","valueRequired":true,"valueName":"search_term_string"}}],"inLanguage":"fr-CA"}]}},"_links":{"self":[{"href":"https:\/\/supervac.co\/fr\/wp-json\/wp\/v2\/pages\/1915","targetHints":{"allow":["GET"]}}],"collection":[{"href":"https:\/\/supervac.co\/fr\/wp-json\/wp\/v2\/pages"}],"about":[{"href":"https:\/\/supervac.co\/fr\/wp-json\/wp\/v2\/types\/page"}],"author":[{"embeddable":true,"href":"https:\/\/supervac.co\/fr\/wp-json\/wp\/v2\/users\/7"}],"replies":[{"embeddable":true,"href":"https:\/\/supervac.co\/fr\/wp-json\/wp\/v2\/comments?post=1915"}],"version-history":[{"count":16,"href":"https:\/\/supervac.co\/fr\/wp-json\/wp\/v2\/pages\/1915\/revisions"}],"predecessor-version":[{"id":4828,"href":"https:\/\/supervac.co\/fr\/wp-json\/wp\/v2\/pages\/1915\/revisions\/4828"}],"wp:attachment":[{"href":"https:\/\/supervac.co\/fr\/wp-json\/wp\/v2\/media?parent=1915"}],"curies":[{"name":"wp","href":"https:\/\/api.w.org\/{rel}","templated":true}]}}