{"id":1922,"date":"2017-12-12T14:18:38","date_gmt":"2017-12-12T19:18:38","guid":{"rendered":"https:\/\/supervac.co\/trucks-and-equipments\/combination-sewer-cleaner\/"},"modified":"2025-01-28T12:03:55","modified_gmt":"2025-01-28T17:03:55","slug":"combine-cureur-egouts","status":"publish","type":"page","link":"https:\/\/supervac.co\/fr\/camions-equipements\/combine-cureur-egouts\/","title":{"rendered":"Combin\u00e9 cureur d&#8217;\u00e9gouts"},"content":{"rendered":"","protected":false},"excerpt":{"rendered":"","protected":false},"author":7,"featured_media":0,"parent":1915,"menu_order":0,"comment_status":"closed","ping_status":"closed","template":"","meta":{"_acf_changed":false,"footnotes":""},"class_list":["post-1922","page","type-page","status-publish","hentry"],"acf":[],"yoast_head":"<!-- This site is optimized with the Yoast SEO plugin v27.2 - https:\/\/yoast.com\/product\/yoast-seo-wordpress\/ -->\n<title>Camion combin\u00e9 cureur d\u2019\u00e9gouts - Supervac<\/title>\n<meta name=\"description\" content=\"Offrant un jet haute pression et une grande puissance d\u2019aspiration, les combin\u00e9s cureurs d&#039;\u00e9gouts de Supervac sont le choix num\u00e9ro un des entrepreneurs et des services publics.\" \/>\n<meta name=\"robots\" content=\"index, follow, max-snippet:-1, max-image-preview:large, max-video-preview:-1\" \/>\n<link rel=\"canonical\" href=\"https:\/\/supervac.co\/fr\/camions-equipements\/combine-cureur-egouts\/\" \/>\n<meta property=\"og:locale\" content=\"fr_FR\" \/>\n<meta property=\"og:type\" content=\"article\" \/>\n<meta property=\"og:title\" content=\"Camion combin\u00e9 cureur d\u2019\u00e9gouts - Supervac\" \/>\n<meta property=\"og:description\" content=\"Offrant un jet haute pression et une grande puissance d\u2019aspiration, les combin\u00e9s cureurs d&#039;\u00e9gouts de Supervac sont le choix num\u00e9ro un des entrepreneurs et des services publics.\" \/>\n<meta property=\"og:url\" content=\"https:\/\/supervac.co\/fr\/camions-equipements\/combine-cureur-egouts\/\" \/>\n<meta property=\"og:site_name\" content=\"Supervac\" \/>\n<meta property=\"article:publisher\" content=\"https:\/\/www.facebook.com\/supervac2000\/\" \/>\n<meta property=\"article:modified_time\" content=\"2025-01-28T17:03:55+00:00\" \/>\n<meta name=\"twitter:card\" content=\"summary_large_image\" \/>\n<meta name=\"twitter:label1\" content=\"Est. reading time\" \/>\n\t<meta name=\"twitter:data1\" content=\"4 minutes\" \/>\n<script type=\"application\/ld+json\" class=\"yoast-schema-graph\">{\"@context\":\"https:\/\/schema.org\",\"@graph\":[{\"@type\":\"WebPage\",\"@id\":\"https:\/\/supervac.co\/fr\/camions-equipements\/combine-cureur-egouts\/\",\"url\":\"https:\/\/supervac.co\/fr\/camions-equipements\/combine-cureur-egouts\/\",\"name\":\"Camion combin\u00e9 cureur d\u2019\u00e9gouts - Supervac\",\"isPartOf\":{\"@id\":\"https:\/\/supervac.co\/#website\"},\"datePublished\":\"2017-12-12T19:18:38+00:00\",\"dateModified\":\"2025-01-28T17:03:55+00:00\",\"description\":\"Offrant un jet haute pression et une grande puissance d\u2019aspiration, les combin\u00e9s cureurs d'\u00e9gouts de Supervac sont le choix num\u00e9ro un des entrepreneurs et des services publics.\",\"breadcrumb\":{\"@id\":\"https:\/\/supervac.co\/fr\/camions-equipements\/combine-cureur-egouts\/#breadcrumb\"},\"inLanguage\":\"fr-CA\",\"potentialAction\":[{\"@type\":\"ReadAction\",\"target\":[\"https:\/\/supervac.co\/fr\/camions-equipements\/combine-cureur-egouts\/\"]}]},{\"@type\":\"BreadcrumbList\",\"@id\":\"https:\/\/supervac.co\/fr\/camions-equipements\/combine-cureur-egouts\/#breadcrumb\",\"itemListElement\":[{\"@type\":\"ListItem\",\"position\":1,\"name\":\"Accueil\",\"item\":\"https:\/\/supervac.co\/fr\/\"},{\"@type\":\"ListItem\",\"position\":2,\"name\":\"Camions et \u00e9quipements\",\"item\":\"https:\/\/supervac.co\/fr\/camions-equipements\/\"},{\"@type\":\"ListItem\",\"position\":3,\"name\":\"Combin\u00e9 cureur d&#8217;\u00e9gouts\"}]},{\"@type\":\"WebSite\",\"@id\":\"https:\/\/supervac.co\/#website\",\"url\":\"https:\/\/supervac.co\/\",\"name\":\"Supervac\",\"description\":\"\",\"potentialAction\":[{\"@type\":\"SearchAction\",\"target\":{\"@type\":\"EntryPoint\",\"urlTemplate\":\"https:\/\/supervac.co\/?s={search_term_string}\"},\"query-input\":{\"@type\":\"PropertyValueSpecification\",\"valueRequired\":true,\"valueName\":\"search_term_string\"}}],\"inLanguage\":\"fr-CA\"}]}<\/script>\n<!-- \/ Yoast SEO plugin. -->","yoast_head_json":{"title":"Camion combin\u00e9 cureur d\u2019\u00e9gouts - Supervac","description":"Offrant un jet haute pression et une grande puissance d\u2019aspiration, les combin\u00e9s cureurs d'\u00e9gouts de Supervac sont le choix num\u00e9ro un des entrepreneurs et des services publics.","robots":{"index":"index","follow":"follow","max-snippet":"max-snippet:-1","max-image-preview":"max-image-preview:large","max-video-preview":"max-video-preview:-1"},"canonical":"https:\/\/supervac.co\/fr\/camions-equipements\/combine-cureur-egouts\/","og_locale":"fr_FR","og_type":"article","og_title":"Camion combin\u00e9 cureur d\u2019\u00e9gouts - Supervac","og_description":"Offrant un jet haute pression et une grande puissance d\u2019aspiration, les combin\u00e9s cureurs d'\u00e9gouts de Supervac sont le choix num\u00e9ro un des entrepreneurs et des services publics.","og_url":"https:\/\/supervac.co\/fr\/camions-equipements\/combine-cureur-egouts\/","og_site_name":"Supervac","article_publisher":"https:\/\/www.facebook.com\/supervac2000\/","article_modified_time":"2025-01-28T17:03:55+00:00","twitter_card":"summary_large_image","twitter_misc":{"Est. reading time":"4 minutes"},"schema":{"@context":"https:\/\/schema.org","@graph":[{"@type":"WebPage","@id":"https:\/\/supervac.co\/fr\/camions-equipements\/combine-cureur-egouts\/","url":"https:\/\/supervac.co\/fr\/camions-equipements\/combine-cureur-egouts\/","name":"Camion combin\u00e9 cureur d\u2019\u00e9gouts - Supervac","isPartOf":{"@id":"https:\/\/supervac.co\/#website"},"datePublished":"2017-12-12T19:18:38+00:00","dateModified":"2025-01-28T17:03:55+00:00","description":"Offrant un jet haute pression et une grande puissance d\u2019aspiration, les combin\u00e9s cureurs d'\u00e9gouts de Supervac sont le choix num\u00e9ro un des entrepreneurs et des services publics.","breadcrumb":{"@id":"https:\/\/supervac.co\/fr\/camions-equipements\/combine-cureur-egouts\/#breadcrumb"},"inLanguage":"fr-CA","potentialAction":[{"@type":"ReadAction","target":["https:\/\/supervac.co\/fr\/camions-equipements\/combine-cureur-egouts\/"]}]},{"@type":"BreadcrumbList","@id":"https:\/\/supervac.co\/fr\/camions-equipements\/combine-cureur-egouts\/#breadcrumb","itemListElement":[{"@type":"ListItem","position":1,"name":"Accueil","item":"https:\/\/supervac.co\/fr\/"},{"@type":"ListItem","position":2,"name":"Camions et \u00e9quipements","item":"https:\/\/supervac.co\/fr\/camions-equipements\/"},{"@type":"ListItem","position":3,"name":"Combin\u00e9 cureur d&#8217;\u00e9gouts"}]},{"@type":"WebSite","@id":"https:\/\/supervac.co\/#website","url":"https:\/\/supervac.co\/","name":"Supervac","description":"","potentialAction":[{"@type":"SearchAction","target":{"@type":"EntryPoint","urlTemplate":"https:\/\/supervac.co\/?s={search_term_string}"},"query-input":{"@type":"PropertyValueSpecification","valueRequired":true,"valueName":"search_term_string"}}],"inLanguage":"fr-CA"}]}},"_links":{"self":[{"href":"https:\/\/supervac.co\/fr\/wp-json\/wp\/v2\/pages\/1922","targetHints":{"allow":["GET"]}}],"collection":[{"href":"https:\/\/supervac.co\/fr\/wp-json\/wp\/v2\/pages"}],"about":[{"href":"https:\/\/supervac.co\/fr\/wp-json\/wp\/v2\/types\/page"}],"author":[{"embeddable":true,"href":"https:\/\/supervac.co\/fr\/wp-json\/wp\/v2\/users\/7"}],"replies":[{"embeddable":true,"href":"https:\/\/supervac.co\/fr\/wp-json\/wp\/v2\/comments?post=1922"}],"version-history":[{"count":25,"href":"https:\/\/supervac.co\/fr\/wp-json\/wp\/v2\/pages\/1922\/revisions"}],"predecessor-version":[{"id":5015,"href":"https:\/\/supervac.co\/fr\/wp-json\/wp\/v2\/pages\/1922\/revisions\/5015"}],"up":[{"embeddable":true,"href":"https:\/\/supervac.co\/fr\/wp-json\/wp\/v2\/pages\/1915"}],"wp:attachment":[{"href":"https:\/\/supervac.co\/fr\/wp-json\/wp\/v2\/media?parent=1922"}],"curies":[{"name":"wp","href":"https:\/\/api.w.org\/{rel}","templated":true}]}}