{"id":1926,"date":"2017-12-12T14:20:32","date_gmt":"2017-12-12T19:20:32","guid":{"rendered":"https:\/\/supervac.co\/trucks-and-equipments\/combination-sewer-cleaner\/brizo\/"},"modified":"2018-07-09T17:04:07","modified_gmt":"2018-07-09T21:04:07","slug":"brizo","status":"publish","type":"page","link":"https:\/\/supervac.co\/fr\/camions-equipements\/combine-cureur-egouts\/brizo\/","title":{"rendered":"Brizo"},"content":{"rendered":"","protected":false},"excerpt":{"rendered":"","protected":false},"author":1,"featured_media":0,"parent":1922,"menu_order":0,"comment_status":"closed","ping_status":"closed","template":"","meta":{"_acf_changed":false,"footnotes":""},"class_list":["post-1926","page","type-page","status-publish","hentry"],"acf":[],"yoast_head":"<!-- This site is optimized with the Yoast SEO plugin v27.2 - https:\/\/yoast.com\/product\/yoast-seo-wordpress\/ -->\n<title>Brizo | Nettoyeur, cureur d&#039;\u00e9gouts Supervac<\/title>\n<meta name=\"description\" content=\"Le BRIZO est une unit\u00e9 pour le nettoyage des \u00e9gouts con\u00e7ue par Supervac. Sa construction plus longue permet la configuration de divers \u00e9quipements. Parfait pour la collecte les d\u00e9chets liquides et solides de toutes sortes.\" \/>\n<meta name=\"robots\" content=\"index, follow, max-snippet:-1, max-image-preview:large, max-video-preview:-1\" \/>\n<link rel=\"canonical\" href=\"https:\/\/supervac.co\/fr\/camions-equipements\/combine-cureur-egouts\/brizo\/\" \/>\n<meta property=\"og:locale\" content=\"fr_FR\" \/>\n<meta property=\"og:type\" content=\"article\" \/>\n<meta property=\"og:title\" content=\"Brizo | Nettoyeur, cureur d&#039;\u00e9gouts Supervac\" \/>\n<meta property=\"og:description\" content=\"Le BRIZO est une unit\u00e9 pour le nettoyage des \u00e9gouts con\u00e7ue par Supervac. Sa construction plus longue permet la configuration de divers \u00e9quipements. Parfait pour la collecte les d\u00e9chets liquides et solides de toutes sortes.\" \/>\n<meta property=\"og:url\" content=\"https:\/\/supervac.co\/fr\/camions-equipements\/combine-cureur-egouts\/brizo\/\" \/>\n<meta property=\"og:site_name\" content=\"Supervac\" \/>\n<meta property=\"article:publisher\" content=\"https:\/\/www.facebook.com\/supervac2000\/\" \/>\n<meta property=\"article:modified_time\" content=\"2018-07-09T21:04:07+00:00\" \/>\n<meta name=\"twitter:card\" content=\"summary_large_image\" \/>\n<script type=\"application\/ld+json\" class=\"yoast-schema-graph\">{\"@context\":\"https:\/\/schema.org\",\"@graph\":[{\"@type\":\"WebPage\",\"@id\":\"https:\/\/supervac.co\/fr\/camions-equipements\/combine-cureur-egouts\/brizo\/\",\"url\":\"https:\/\/supervac.co\/fr\/camions-equipements\/combine-cureur-egouts\/brizo\/\",\"name\":\"Brizo | Nettoyeur, cureur d'\u00e9gouts Supervac\",\"isPartOf\":{\"@id\":\"https:\/\/supervac.co\/#website\"},\"datePublished\":\"2017-12-12T19:20:32+00:00\",\"dateModified\":\"2018-07-09T21:04:07+00:00\",\"description\":\"Le BRIZO est une unit\u00e9 pour le nettoyage des \u00e9gouts con\u00e7ue par Supervac. Sa construction plus longue permet la configuration de divers \u00e9quipements. Parfait pour la collecte les d\u00e9chets liquides et solides de toutes sortes.\",\"breadcrumb\":{\"@id\":\"https:\/\/supervac.co\/fr\/camions-equipements\/combine-cureur-egouts\/brizo\/#breadcrumb\"},\"inLanguage\":\"fr-CA\",\"potentialAction\":[{\"@type\":\"ReadAction\",\"target\":[\"https:\/\/supervac.co\/fr\/camions-equipements\/combine-cureur-egouts\/brizo\/\"]}]},{\"@type\":\"BreadcrumbList\",\"@id\":\"https:\/\/supervac.co\/fr\/camions-equipements\/combine-cureur-egouts\/brizo\/#breadcrumb\",\"itemListElement\":[{\"@type\":\"ListItem\",\"position\":1,\"name\":\"Accueil\",\"item\":\"https:\/\/supervac.co\/fr\/\"},{\"@type\":\"ListItem\",\"position\":2,\"name\":\"Camions et \u00e9quipements\",\"item\":\"https:\/\/supervac.co\/fr\/camions-equipements\/\"},{\"@type\":\"ListItem\",\"position\":3,\"name\":\"Combin\u00e9 cureur d&#8217;\u00e9gouts\",\"item\":\"https:\/\/supervac.co\/fr\/camions-equipements\/combine-cureur-egouts\/\"},{\"@type\":\"ListItem\",\"position\":4,\"name\":\"Brizo\"}]},{\"@type\":\"WebSite\",\"@id\":\"https:\/\/supervac.co\/#website\",\"url\":\"https:\/\/supervac.co\/\",\"name\":\"Supervac\",\"description\":\"\",\"potentialAction\":[{\"@type\":\"SearchAction\",\"target\":{\"@type\":\"EntryPoint\",\"urlTemplate\":\"https:\/\/supervac.co\/?s={search_term_string}\"},\"query-input\":{\"@type\":\"PropertyValueSpecification\",\"valueRequired\":true,\"valueName\":\"search_term_string\"}}],\"inLanguage\":\"fr-CA\"}]}<\/script>\n<!-- \/ Yoast SEO plugin. -->","yoast_head_json":{"title":"Brizo | Nettoyeur, cureur d'\u00e9gouts Supervac","description":"Le BRIZO est une unit\u00e9 pour le nettoyage des \u00e9gouts con\u00e7ue par Supervac. Sa construction plus longue permet la configuration de divers \u00e9quipements. Parfait pour la collecte les d\u00e9chets liquides et solides de toutes sortes.","robots":{"index":"index","follow":"follow","max-snippet":"max-snippet:-1","max-image-preview":"max-image-preview:large","max-video-preview":"max-video-preview:-1"},"canonical":"https:\/\/supervac.co\/fr\/camions-equipements\/combine-cureur-egouts\/brizo\/","og_locale":"fr_FR","og_type":"article","og_title":"Brizo | Nettoyeur, cureur d'\u00e9gouts Supervac","og_description":"Le BRIZO est une unit\u00e9 pour le nettoyage des \u00e9gouts con\u00e7ue par Supervac. Sa construction plus longue permet la configuration de divers \u00e9quipements. Parfait pour la collecte les d\u00e9chets liquides et solides de toutes sortes.","og_url":"https:\/\/supervac.co\/fr\/camions-equipements\/combine-cureur-egouts\/brizo\/","og_site_name":"Supervac","article_publisher":"https:\/\/www.facebook.com\/supervac2000\/","article_modified_time":"2018-07-09T21:04:07+00:00","twitter_card":"summary_large_image","schema":{"@context":"https:\/\/schema.org","@graph":[{"@type":"WebPage","@id":"https:\/\/supervac.co\/fr\/camions-equipements\/combine-cureur-egouts\/brizo\/","url":"https:\/\/supervac.co\/fr\/camions-equipements\/combine-cureur-egouts\/brizo\/","name":"Brizo | Nettoyeur, cureur d'\u00e9gouts Supervac","isPartOf":{"@id":"https:\/\/supervac.co\/#website"},"datePublished":"2017-12-12T19:20:32+00:00","dateModified":"2018-07-09T21:04:07+00:00","description":"Le BRIZO est une unit\u00e9 pour le nettoyage des \u00e9gouts con\u00e7ue par Supervac. Sa construction plus longue permet la configuration de divers \u00e9quipements. Parfait pour la collecte les d\u00e9chets liquides et solides de toutes sortes.","breadcrumb":{"@id":"https:\/\/supervac.co\/fr\/camions-equipements\/combine-cureur-egouts\/brizo\/#breadcrumb"},"inLanguage":"fr-CA","potentialAction":[{"@type":"ReadAction","target":["https:\/\/supervac.co\/fr\/camions-equipements\/combine-cureur-egouts\/brizo\/"]}]},{"@type":"BreadcrumbList","@id":"https:\/\/supervac.co\/fr\/camions-equipements\/combine-cureur-egouts\/brizo\/#breadcrumb","itemListElement":[{"@type":"ListItem","position":1,"name":"Accueil","item":"https:\/\/supervac.co\/fr\/"},{"@type":"ListItem","position":2,"name":"Camions et \u00e9quipements","item":"https:\/\/supervac.co\/fr\/camions-equipements\/"},{"@type":"ListItem","position":3,"name":"Combin\u00e9 cureur d&#8217;\u00e9gouts","item":"https:\/\/supervac.co\/fr\/camions-equipements\/combine-cureur-egouts\/"},{"@type":"ListItem","position":4,"name":"Brizo"}]},{"@type":"WebSite","@id":"https:\/\/supervac.co\/#website","url":"https:\/\/supervac.co\/","name":"Supervac","description":"","potentialAction":[{"@type":"SearchAction","target":{"@type":"EntryPoint","urlTemplate":"https:\/\/supervac.co\/?s={search_term_string}"},"query-input":{"@type":"PropertyValueSpecification","valueRequired":true,"valueName":"search_term_string"}}],"inLanguage":"fr-CA"}]}},"_links":{"self":[{"href":"https:\/\/supervac.co\/fr\/wp-json\/wp\/v2\/pages\/1926","targetHints":{"allow":["GET"]}}],"collection":[{"href":"https:\/\/supervac.co\/fr\/wp-json\/wp\/v2\/pages"}],"about":[{"href":"https:\/\/supervac.co\/fr\/wp-json\/wp\/v2\/types\/page"}],"author":[{"embeddable":true,"href":"https:\/\/supervac.co\/fr\/wp-json\/wp\/v2\/users\/1"}],"replies":[{"embeddable":true,"href":"https:\/\/supervac.co\/fr\/wp-json\/wp\/v2\/comments?post=1926"}],"version-history":[{"count":32,"href":"https:\/\/supervac.co\/fr\/wp-json\/wp\/v2\/pages\/1926\/revisions"}],"predecessor-version":[{"id":3252,"href":"https:\/\/supervac.co\/fr\/wp-json\/wp\/v2\/pages\/1926\/revisions\/3252"}],"up":[{"embeddable":true,"href":"https:\/\/supervac.co\/fr\/wp-json\/wp\/v2\/pages\/1922"}],"wp:attachment":[{"href":"https:\/\/supervac.co\/fr\/wp-json\/wp\/v2\/media?parent=1926"}],"curies":[{"name":"wp","href":"https:\/\/api.w.org\/{rel}","templated":true}]}}