{"id":1928,"date":"2017-12-12T14:20:07","date_gmt":"2017-12-12T19:20:07","guid":{"rendered":"https:\/\/supervac.co\/trucks-and-equipments\/combination-sewer-cleaner\/triton\/"},"modified":"2023-04-12T11:00:33","modified_gmt":"2023-04-12T15:00:33","slug":"triton","status":"publish","type":"page","link":"https:\/\/supervac.co\/fr\/camions-equipements\/combine-cureur-egouts\/triton\/","title":{"rendered":"Triton"},"content":{"rendered":"","protected":false},"excerpt":{"rendered":"","protected":false},"author":7,"featured_media":0,"parent":1922,"menu_order":0,"comment_status":"closed","ping_status":"closed","template":"","meta":{"_acf_changed":false,"footnotes":""},"class_list":["post-1928","page","type-page","status-publish","hentry"],"acf":[],"yoast_head":"<!-- This site is optimized with the Yoast SEO plugin v27.2 - https:\/\/yoast.com\/product\/yoast-seo-wordpress\/ -->\n<title>Triton | Un syst\u00e8me brevet\u00e9 de r\u00e9cup\u00e9ration de l&#039;eau par Supervac<\/title>\n<meta name=\"description\" content=\"Le syst\u00e8me de filtration des eaux us\u00e9es brevet\u00e9 du Triton permet de r\u00e9utiliser l\u2019eau aspir\u00e9e pour faire fonctionner l\u2019\u00e9quipement et ainsi sauver temps et argent.\" \/>\n<meta name=\"robots\" content=\"index, follow, max-snippet:-1, max-image-preview:large, max-video-preview:-1\" \/>\n<link rel=\"canonical\" href=\"https:\/\/supervac.co\/fr\/camions-equipements\/combine-cureur-egouts\/triton\/\" \/>\n<meta property=\"og:locale\" content=\"fr_FR\" \/>\n<meta property=\"og:type\" content=\"article\" \/>\n<meta property=\"og:title\" content=\"Triton | Un syst\u00e8me brevet\u00e9 de r\u00e9cup\u00e9ration de l&#039;eau par Supervac\" \/>\n<meta property=\"og:description\" content=\"Le syst\u00e8me de filtration des eaux us\u00e9es brevet\u00e9 du Triton permet de r\u00e9utiliser l\u2019eau aspir\u00e9e pour faire fonctionner l\u2019\u00e9quipement et ainsi sauver temps et argent.\" \/>\n<meta property=\"og:url\" content=\"https:\/\/supervac.co\/fr\/camions-equipements\/combine-cureur-egouts\/triton\/\" \/>\n<meta property=\"og:site_name\" content=\"Supervac\" \/>\n<meta property=\"article:publisher\" content=\"https:\/\/www.facebook.com\/supervac2000\/\" \/>\n<meta property=\"article:modified_time\" content=\"2023-04-12T15:00:33+00:00\" \/>\n<meta name=\"twitter:card\" content=\"summary_large_image\" \/>\n<script type=\"application\/ld+json\" class=\"yoast-schema-graph\">{\"@context\":\"https:\/\/schema.org\",\"@graph\":[{\"@type\":\"WebPage\",\"@id\":\"https:\/\/supervac.co\/fr\/camions-equipements\/combine-cureur-egouts\/triton\/\",\"url\":\"https:\/\/supervac.co\/fr\/camions-equipements\/combine-cureur-egouts\/triton\/\",\"name\":\"Triton | Un syst\u00e8me brevet\u00e9 de r\u00e9cup\u00e9ration de l'eau par Supervac\",\"isPartOf\":{\"@id\":\"https:\/\/supervac.co\/#website\"},\"datePublished\":\"2017-12-12T19:20:07+00:00\",\"dateModified\":\"2023-04-12T15:00:33+00:00\",\"description\":\"Le syst\u00e8me de filtration des eaux us\u00e9es brevet\u00e9 du Triton permet de r\u00e9utiliser l\u2019eau aspir\u00e9e pour faire fonctionner l\u2019\u00e9quipement et ainsi sauver temps et argent.\",\"breadcrumb\":{\"@id\":\"https:\/\/supervac.co\/fr\/camions-equipements\/combine-cureur-egouts\/triton\/#breadcrumb\"},\"inLanguage\":\"fr-CA\",\"potentialAction\":[{\"@type\":\"ReadAction\",\"target\":[\"https:\/\/supervac.co\/fr\/camions-equipements\/combine-cureur-egouts\/triton\/\"]}]},{\"@type\":\"BreadcrumbList\",\"@id\":\"https:\/\/supervac.co\/fr\/camions-equipements\/combine-cureur-egouts\/triton\/#breadcrumb\",\"itemListElement\":[{\"@type\":\"ListItem\",\"position\":1,\"name\":\"Accueil\",\"item\":\"https:\/\/supervac.co\/fr\/\"},{\"@type\":\"ListItem\",\"position\":2,\"name\":\"Camions et \u00e9quipements\",\"item\":\"https:\/\/supervac.co\/fr\/camions-equipements\/\"},{\"@type\":\"ListItem\",\"position\":3,\"name\":\"Combin\u00e9 cureur d&#8217;\u00e9gouts\",\"item\":\"https:\/\/supervac.co\/fr\/camions-equipements\/combine-cureur-egouts\/\"},{\"@type\":\"ListItem\",\"position\":4,\"name\":\"Triton\"}]},{\"@type\":\"WebSite\",\"@id\":\"https:\/\/supervac.co\/#website\",\"url\":\"https:\/\/supervac.co\/\",\"name\":\"Supervac\",\"description\":\"\",\"potentialAction\":[{\"@type\":\"SearchAction\",\"target\":{\"@type\":\"EntryPoint\",\"urlTemplate\":\"https:\/\/supervac.co\/?s={search_term_string}\"},\"query-input\":{\"@type\":\"PropertyValueSpecification\",\"valueRequired\":true,\"valueName\":\"search_term_string\"}}],\"inLanguage\":\"fr-CA\"}]}<\/script>\n<!-- \/ Yoast SEO plugin. -->","yoast_head_json":{"title":"Triton | Un syst\u00e8me brevet\u00e9 de r\u00e9cup\u00e9ration de l'eau par Supervac","description":"Le syst\u00e8me de filtration des eaux us\u00e9es brevet\u00e9 du Triton permet de r\u00e9utiliser l\u2019eau aspir\u00e9e pour faire fonctionner l\u2019\u00e9quipement et ainsi sauver temps et argent.","robots":{"index":"index","follow":"follow","max-snippet":"max-snippet:-1","max-image-preview":"max-image-preview:large","max-video-preview":"max-video-preview:-1"},"canonical":"https:\/\/supervac.co\/fr\/camions-equipements\/combine-cureur-egouts\/triton\/","og_locale":"fr_FR","og_type":"article","og_title":"Triton | Un syst\u00e8me brevet\u00e9 de r\u00e9cup\u00e9ration de l'eau par Supervac","og_description":"Le syst\u00e8me de filtration des eaux us\u00e9es brevet\u00e9 du Triton permet de r\u00e9utiliser l\u2019eau aspir\u00e9e pour faire fonctionner l\u2019\u00e9quipement et ainsi sauver temps et argent.","og_url":"https:\/\/supervac.co\/fr\/camions-equipements\/combine-cureur-egouts\/triton\/","og_site_name":"Supervac","article_publisher":"https:\/\/www.facebook.com\/supervac2000\/","article_modified_time":"2023-04-12T15:00:33+00:00","twitter_card":"summary_large_image","schema":{"@context":"https:\/\/schema.org","@graph":[{"@type":"WebPage","@id":"https:\/\/supervac.co\/fr\/camions-equipements\/combine-cureur-egouts\/triton\/","url":"https:\/\/supervac.co\/fr\/camions-equipements\/combine-cureur-egouts\/triton\/","name":"Triton | Un syst\u00e8me brevet\u00e9 de r\u00e9cup\u00e9ration de l'eau par Supervac","isPartOf":{"@id":"https:\/\/supervac.co\/#website"},"datePublished":"2017-12-12T19:20:07+00:00","dateModified":"2023-04-12T15:00:33+00:00","description":"Le syst\u00e8me de filtration des eaux us\u00e9es brevet\u00e9 du Triton permet de r\u00e9utiliser l\u2019eau aspir\u00e9e pour faire fonctionner l\u2019\u00e9quipement et ainsi sauver temps et argent.","breadcrumb":{"@id":"https:\/\/supervac.co\/fr\/camions-equipements\/combine-cureur-egouts\/triton\/#breadcrumb"},"inLanguage":"fr-CA","potentialAction":[{"@type":"ReadAction","target":["https:\/\/supervac.co\/fr\/camions-equipements\/combine-cureur-egouts\/triton\/"]}]},{"@type":"BreadcrumbList","@id":"https:\/\/supervac.co\/fr\/camions-equipements\/combine-cureur-egouts\/triton\/#breadcrumb","itemListElement":[{"@type":"ListItem","position":1,"name":"Accueil","item":"https:\/\/supervac.co\/fr\/"},{"@type":"ListItem","position":2,"name":"Camions et \u00e9quipements","item":"https:\/\/supervac.co\/fr\/camions-equipements\/"},{"@type":"ListItem","position":3,"name":"Combin\u00e9 cureur d&#8217;\u00e9gouts","item":"https:\/\/supervac.co\/fr\/camions-equipements\/combine-cureur-egouts\/"},{"@type":"ListItem","position":4,"name":"Triton"}]},{"@type":"WebSite","@id":"https:\/\/supervac.co\/#website","url":"https:\/\/supervac.co\/","name":"Supervac","description":"","potentialAction":[{"@type":"SearchAction","target":{"@type":"EntryPoint","urlTemplate":"https:\/\/supervac.co\/?s={search_term_string}"},"query-input":{"@type":"PropertyValueSpecification","valueRequired":true,"valueName":"search_term_string"}}],"inLanguage":"fr-CA"}]}},"_links":{"self":[{"href":"https:\/\/supervac.co\/fr\/wp-json\/wp\/v2\/pages\/1928","targetHints":{"allow":["GET"]}}],"collection":[{"href":"https:\/\/supervac.co\/fr\/wp-json\/wp\/v2\/pages"}],"about":[{"href":"https:\/\/supervac.co\/fr\/wp-json\/wp\/v2\/types\/page"}],"author":[{"embeddable":true,"href":"https:\/\/supervac.co\/fr\/wp-json\/wp\/v2\/users\/7"}],"replies":[{"embeddable":true,"href":"https:\/\/supervac.co\/fr\/wp-json\/wp\/v2\/comments?post=1928"}],"version-history":[{"count":25,"href":"https:\/\/supervac.co\/fr\/wp-json\/wp\/v2\/pages\/1928\/revisions"}],"predecessor-version":[{"id":4368,"href":"https:\/\/supervac.co\/fr\/wp-json\/wp\/v2\/pages\/1928\/revisions\/4368"}],"up":[{"embeddable":true,"href":"https:\/\/supervac.co\/fr\/wp-json\/wp\/v2\/pages\/1922"}],"wp:attachment":[{"href":"https:\/\/supervac.co\/fr\/wp-json\/wp\/v2\/media?parent=1928"}],"curies":[{"name":"wp","href":"https:\/\/api.w.org\/{rel}","templated":true}]}}