{"id":1935,"date":"2017-12-12T14:11:18","date_gmt":"2017-12-12T19:11:18","guid":{"rendered":"https:\/\/supervac.co\/trucks-and-equipments\/hydro-excavator\/"},"modified":"2024-05-09T16:39:02","modified_gmt":"2024-05-09T20:39:02","slug":"hydro-excavatrices","status":"publish","type":"page","link":"https:\/\/supervac.co\/fr\/camions-equipements\/hydro-excavatrices\/","title":{"rendered":"Hydro excavatrices"},"content":{"rendered":"<p>=<\/p>\n","protected":false},"excerpt":{"rendered":"<p>=<\/p>\n","protected":false},"author":7,"featured_media":0,"parent":1915,"menu_order":0,"comment_status":"closed","ping_status":"closed","template":"","meta":{"_acf_changed":false,"footnotes":""},"class_list":["post-1935","page","type-page","status-publish","hentry"],"acf":[],"yoast_head":"<!-- This site is optimized with the Yoast SEO plugin v27.2 - https:\/\/yoast.com\/product\/yoast-seo-wordpress\/ -->\n<title>Supervac | Manufacturier canadien d&#039;\u00e9quipements d&#039;hydro-excavation<\/title>\n<meta name=\"description\" content=\"Les hydro-excavatrices Supervac sont les meilleurs \u00e9quipements d\u2019hydro-excavation sur le march\u00e9! Voir nos unit\u00e9s disponible ou obtenez une soumission pour un \u00e9quipement sur mesure! D\u00e9couvrez toutes les sp\u00e9cifications de nos mod\u00e8les, pressions et capacit\u00e9s.\" \/>\n<meta name=\"robots\" content=\"index, follow, max-snippet:-1, max-image-preview:large, max-video-preview:-1\" \/>\n<link rel=\"canonical\" href=\"https:\/\/supervac.co\/fr\/camions-equipements\/hydro-excavatrices\/\" \/>\n<meta property=\"og:locale\" content=\"fr_FR\" \/>\n<meta property=\"og:type\" content=\"article\" \/>\n<meta property=\"og:title\" content=\"Supervac | Manufacturier canadien d&#039;\u00e9quipements d&#039;hydro-excavation\" \/>\n<meta property=\"og:description\" content=\"Les hydro-excavatrices Supervac sont les meilleurs \u00e9quipements d\u2019hydro-excavation sur le march\u00e9! Voir nos unit\u00e9s disponible ou obtenez une soumission pour un \u00e9quipement sur mesure! D\u00e9couvrez toutes les sp\u00e9cifications de nos mod\u00e8les, pressions et capacit\u00e9s.\" \/>\n<meta property=\"og:url\" content=\"https:\/\/supervac.co\/fr\/camions-equipements\/hydro-excavatrices\/\" \/>\n<meta property=\"og:site_name\" content=\"Supervac\" \/>\n<meta property=\"article:publisher\" content=\"https:\/\/www.facebook.com\/supervac2000\/\" \/>\n<meta property=\"article:modified_time\" content=\"2024-05-09T20:39:02+00:00\" \/>\n<meta name=\"twitter:card\" content=\"summary_large_image\" \/>\n<meta name=\"twitter:label1\" content=\"Est. reading time\" \/>\n\t<meta name=\"twitter:data1\" content=\"5 minutes\" \/>\n<script type=\"application\/ld+json\" class=\"yoast-schema-graph\">{\"@context\":\"https:\/\/schema.org\",\"@graph\":[{\"@type\":\"WebPage\",\"@id\":\"https:\/\/supervac.co\/fr\/camions-equipements\/hydro-excavatrices\/\",\"url\":\"https:\/\/supervac.co\/fr\/camions-equipements\/hydro-excavatrices\/\",\"name\":\"Supervac | Manufacturier canadien d'\u00e9quipements d'hydro-excavation\",\"isPartOf\":{\"@id\":\"https:\/\/supervac.co\/#website\"},\"datePublished\":\"2017-12-12T19:11:18+00:00\",\"dateModified\":\"2024-05-09T20:39:02+00:00\",\"description\":\"Les hydro-excavatrices Supervac sont les meilleurs \u00e9quipements d\u2019hydro-excavation sur le march\u00e9! Voir nos unit\u00e9s disponible ou obtenez une soumission pour un \u00e9quipement sur mesure! D\u00e9couvrez toutes les sp\u00e9cifications de nos mod\u00e8les, pressions et capacit\u00e9s.\",\"breadcrumb\":{\"@id\":\"https:\/\/supervac.co\/fr\/camions-equipements\/hydro-excavatrices\/#breadcrumb\"},\"inLanguage\":\"fr-CA\",\"potentialAction\":[{\"@type\":\"ReadAction\",\"target\":[\"https:\/\/supervac.co\/fr\/camions-equipements\/hydro-excavatrices\/\"]}]},{\"@type\":\"BreadcrumbList\",\"@id\":\"https:\/\/supervac.co\/fr\/camions-equipements\/hydro-excavatrices\/#breadcrumb\",\"itemListElement\":[{\"@type\":\"ListItem\",\"position\":1,\"name\":\"Accueil\",\"item\":\"https:\/\/supervac.co\/fr\/\"},{\"@type\":\"ListItem\",\"position\":2,\"name\":\"Camions et \u00e9quipements\",\"item\":\"https:\/\/supervac.co\/fr\/camions-equipements\/\"},{\"@type\":\"ListItem\",\"position\":3,\"name\":\"Hydro excavatrices\"}]},{\"@type\":\"WebSite\",\"@id\":\"https:\/\/supervac.co\/#website\",\"url\":\"https:\/\/supervac.co\/\",\"name\":\"Supervac\",\"description\":\"\",\"potentialAction\":[{\"@type\":\"SearchAction\",\"target\":{\"@type\":\"EntryPoint\",\"urlTemplate\":\"https:\/\/supervac.co\/?s={search_term_string}\"},\"query-input\":{\"@type\":\"PropertyValueSpecification\",\"valueRequired\":true,\"valueName\":\"search_term_string\"}}],\"inLanguage\":\"fr-CA\"}]}<\/script>\n<!-- \/ Yoast SEO plugin. -->","yoast_head_json":{"title":"Supervac | Manufacturier canadien d'\u00e9quipements d'hydro-excavation","description":"Les hydro-excavatrices Supervac sont les meilleurs \u00e9quipements d\u2019hydro-excavation sur le march\u00e9! Voir nos unit\u00e9s disponible ou obtenez une soumission pour un \u00e9quipement sur mesure! D\u00e9couvrez toutes les sp\u00e9cifications de nos mod\u00e8les, pressions et capacit\u00e9s.","robots":{"index":"index","follow":"follow","max-snippet":"max-snippet:-1","max-image-preview":"max-image-preview:large","max-video-preview":"max-video-preview:-1"},"canonical":"https:\/\/supervac.co\/fr\/camions-equipements\/hydro-excavatrices\/","og_locale":"fr_FR","og_type":"article","og_title":"Supervac | Manufacturier canadien d'\u00e9quipements d'hydro-excavation","og_description":"Les hydro-excavatrices Supervac sont les meilleurs \u00e9quipements d\u2019hydro-excavation sur le march\u00e9! Voir nos unit\u00e9s disponible ou obtenez une soumission pour un \u00e9quipement sur mesure! D\u00e9couvrez toutes les sp\u00e9cifications de nos mod\u00e8les, pressions et capacit\u00e9s.","og_url":"https:\/\/supervac.co\/fr\/camions-equipements\/hydro-excavatrices\/","og_site_name":"Supervac","article_publisher":"https:\/\/www.facebook.com\/supervac2000\/","article_modified_time":"2024-05-09T20:39:02+00:00","twitter_card":"summary_large_image","twitter_misc":{"Est. reading time":"5 minutes"},"schema":{"@context":"https:\/\/schema.org","@graph":[{"@type":"WebPage","@id":"https:\/\/supervac.co\/fr\/camions-equipements\/hydro-excavatrices\/","url":"https:\/\/supervac.co\/fr\/camions-equipements\/hydro-excavatrices\/","name":"Supervac | Manufacturier canadien d'\u00e9quipements d'hydro-excavation","isPartOf":{"@id":"https:\/\/supervac.co\/#website"},"datePublished":"2017-12-12T19:11:18+00:00","dateModified":"2024-05-09T20:39:02+00:00","description":"Les hydro-excavatrices Supervac sont les meilleurs \u00e9quipements d\u2019hydro-excavation sur le march\u00e9! Voir nos unit\u00e9s disponible ou obtenez une soumission pour un \u00e9quipement sur mesure! D\u00e9couvrez toutes les sp\u00e9cifications de nos mod\u00e8les, pressions et capacit\u00e9s.","breadcrumb":{"@id":"https:\/\/supervac.co\/fr\/camions-equipements\/hydro-excavatrices\/#breadcrumb"},"inLanguage":"fr-CA","potentialAction":[{"@type":"ReadAction","target":["https:\/\/supervac.co\/fr\/camions-equipements\/hydro-excavatrices\/"]}]},{"@type":"BreadcrumbList","@id":"https:\/\/supervac.co\/fr\/camions-equipements\/hydro-excavatrices\/#breadcrumb","itemListElement":[{"@type":"ListItem","position":1,"name":"Accueil","item":"https:\/\/supervac.co\/fr\/"},{"@type":"ListItem","position":2,"name":"Camions et \u00e9quipements","item":"https:\/\/supervac.co\/fr\/camions-equipements\/"},{"@type":"ListItem","position":3,"name":"Hydro excavatrices"}]},{"@type":"WebSite","@id":"https:\/\/supervac.co\/#website","url":"https:\/\/supervac.co\/","name":"Supervac","description":"","potentialAction":[{"@type":"SearchAction","target":{"@type":"EntryPoint","urlTemplate":"https:\/\/supervac.co\/?s={search_term_string}"},"query-input":{"@type":"PropertyValueSpecification","valueRequired":true,"valueName":"search_term_string"}}],"inLanguage":"fr-CA"}]}},"_links":{"self":[{"href":"https:\/\/supervac.co\/fr\/wp-json\/wp\/v2\/pages\/1935","targetHints":{"allow":["GET"]}}],"collection":[{"href":"https:\/\/supervac.co\/fr\/wp-json\/wp\/v2\/pages"}],"about":[{"href":"https:\/\/supervac.co\/fr\/wp-json\/wp\/v2\/types\/page"}],"author":[{"embeddable":true,"href":"https:\/\/supervac.co\/fr\/wp-json\/wp\/v2\/users\/7"}],"replies":[{"embeddable":true,"href":"https:\/\/supervac.co\/fr\/wp-json\/wp\/v2\/comments?post=1935"}],"version-history":[{"count":30,"href":"https:\/\/supervac.co\/fr\/wp-json\/wp\/v2\/pages\/1935\/revisions"}],"predecessor-version":[{"id":4832,"href":"https:\/\/supervac.co\/fr\/wp-json\/wp\/v2\/pages\/1935\/revisions\/4832"}],"up":[{"embeddable":true,"href":"https:\/\/supervac.co\/fr\/wp-json\/wp\/v2\/pages\/1915"}],"wp:attachment":[{"href":"https:\/\/supervac.co\/fr\/wp-json\/wp\/v2\/media?parent=1935"}],"curies":[{"name":"wp","href":"https:\/\/api.w.org\/{rel}","templated":true}]}}