{"id":1938,"date":"2017-12-12T14:24:21","date_gmt":"2017-12-12T19:24:21","guid":{"rendered":"https:\/\/supervac.co\/trucks-and-equipments\/stock-unit\/"},"modified":"2025-12-16T15:04:17","modified_gmt":"2025-12-16T20:04:17","slug":"unites-en-inventaire","status":"publish","type":"page","link":"https:\/\/supervac.co\/fr\/camions-equipements\/unites-en-inventaire\/","title":{"rendered":"Unit\u00e9s en stock"},"content":{"rendered":"","protected":false},"excerpt":{"rendered":"","protected":false},"author":7,"featured_media":0,"parent":1915,"menu_order":0,"comment_status":"closed","ping_status":"closed","template":"","meta":{"_acf_changed":false,"footnotes":""},"class_list":["post-1938","page","type-page","status-publish","hentry"],"acf":[],"yoast_head":"<!-- This site is optimized with the Yoast SEO plugin v27.2 - https:\/\/yoast.com\/product\/yoast-seo-wordpress\/ -->\n<title>Camions vacuums &amp; unit\u00e9s hydrovac \u00e0 vendre | Supervac<\/title>\n<meta name=\"description\" content=\"Hydro-excavatrices, nettoyeurs d&#039;\u00e9gouts, camion sanitaire, camion vaccum sec\/ humide \u00e0 vendre: d\u00e9couvrez les unit\u00e9s Supervac en inventaire pr\u00eates \u00e0 prendre la route.\" \/>\n<meta name=\"robots\" content=\"index, follow, max-snippet:-1, max-image-preview:large, max-video-preview:-1\" \/>\n<link rel=\"canonical\" href=\"https:\/\/supervac.co\/fr\/camions-equipements\/unites-en-inventaire\/\" \/>\n<meta property=\"og:locale\" content=\"fr_FR\" \/>\n<meta property=\"og:type\" content=\"article\" \/>\n<meta property=\"og:title\" content=\"Camions vacuums &amp; unit\u00e9s hydrovac \u00e0 vendre | Supervac\" \/>\n<meta property=\"og:description\" content=\"Hydro-excavatrices, nettoyeurs d&#039;\u00e9gouts, camion sanitaire, camion vaccum sec\/ humide \u00e0 vendre: d\u00e9couvrez les unit\u00e9s Supervac en inventaire pr\u00eates \u00e0 prendre la route.\" \/>\n<meta property=\"og:url\" content=\"https:\/\/supervac.co\/fr\/camions-equipements\/unites-en-inventaire\/\" \/>\n<meta property=\"og:site_name\" content=\"Supervac\" \/>\n<meta property=\"article:publisher\" content=\"https:\/\/www.facebook.com\/supervac2000\/\" \/>\n<meta property=\"article:modified_time\" content=\"2025-12-16T20:04:17+00:00\" \/>\n<meta name=\"twitter:card\" content=\"summary_large_image\" \/>\n<meta name=\"twitter:label1\" content=\"Est. reading time\" \/>\n\t<meta name=\"twitter:data1\" content=\"2 minutes\" \/>\n<script type=\"application\/ld+json\" class=\"yoast-schema-graph\">{\"@context\":\"https:\/\/schema.org\",\"@graph\":[{\"@type\":\"WebPage\",\"@id\":\"https:\/\/supervac.co\/fr\/camions-equipements\/unites-en-inventaire\/\",\"url\":\"https:\/\/supervac.co\/fr\/camions-equipements\/unites-en-inventaire\/\",\"name\":\"Camions vacuums & unit\u00e9s hydrovac \u00e0 vendre | Supervac\",\"isPartOf\":{\"@id\":\"https:\/\/supervac.co\/#website\"},\"datePublished\":\"2017-12-12T19:24:21+00:00\",\"dateModified\":\"2025-12-16T20:04:17+00:00\",\"description\":\"Hydro-excavatrices, nettoyeurs d'\u00e9gouts, camion sanitaire, camion vaccum sec\/ humide \u00e0 vendre: d\u00e9couvrez les unit\u00e9s Supervac en inventaire pr\u00eates \u00e0 prendre la route.\",\"breadcrumb\":{\"@id\":\"https:\/\/supervac.co\/fr\/camions-equipements\/unites-en-inventaire\/#breadcrumb\"},\"inLanguage\":\"fr-CA\",\"potentialAction\":[{\"@type\":\"ReadAction\",\"target\":[\"https:\/\/supervac.co\/fr\/camions-equipements\/unites-en-inventaire\/\"]}]},{\"@type\":\"BreadcrumbList\",\"@id\":\"https:\/\/supervac.co\/fr\/camions-equipements\/unites-en-inventaire\/#breadcrumb\",\"itemListElement\":[{\"@type\":\"ListItem\",\"position\":1,\"name\":\"Accueil\",\"item\":\"https:\/\/supervac.co\/fr\/\"},{\"@type\":\"ListItem\",\"position\":2,\"name\":\"Camions et \u00e9quipements\",\"item\":\"https:\/\/supervac.co\/fr\/camions-equipements\/\"},{\"@type\":\"ListItem\",\"position\":3,\"name\":\"Unit\u00e9s en stock\"}]},{\"@type\":\"WebSite\",\"@id\":\"https:\/\/supervac.co\/#website\",\"url\":\"https:\/\/supervac.co\/\",\"name\":\"Supervac\",\"description\":\"\",\"potentialAction\":[{\"@type\":\"SearchAction\",\"target\":{\"@type\":\"EntryPoint\",\"urlTemplate\":\"https:\/\/supervac.co\/?s={search_term_string}\"},\"query-input\":{\"@type\":\"PropertyValueSpecification\",\"valueRequired\":true,\"valueName\":\"search_term_string\"}}],\"inLanguage\":\"fr-CA\"}]}<\/script>\n<!-- \/ Yoast SEO plugin. -->","yoast_head_json":{"title":"Camions vacuums & unit\u00e9s hydrovac \u00e0 vendre | Supervac","description":"Hydro-excavatrices, nettoyeurs d'\u00e9gouts, camion sanitaire, camion vaccum sec\/ humide \u00e0 vendre: d\u00e9couvrez les unit\u00e9s Supervac en inventaire pr\u00eates \u00e0 prendre la route.","robots":{"index":"index","follow":"follow","max-snippet":"max-snippet:-1","max-image-preview":"max-image-preview:large","max-video-preview":"max-video-preview:-1"},"canonical":"https:\/\/supervac.co\/fr\/camions-equipements\/unites-en-inventaire\/","og_locale":"fr_FR","og_type":"article","og_title":"Camions vacuums & unit\u00e9s hydrovac \u00e0 vendre | Supervac","og_description":"Hydro-excavatrices, nettoyeurs d'\u00e9gouts, camion sanitaire, camion vaccum sec\/ humide \u00e0 vendre: d\u00e9couvrez les unit\u00e9s Supervac en inventaire pr\u00eates \u00e0 prendre la route.","og_url":"https:\/\/supervac.co\/fr\/camions-equipements\/unites-en-inventaire\/","og_site_name":"Supervac","article_publisher":"https:\/\/www.facebook.com\/supervac2000\/","article_modified_time":"2025-12-16T20:04:17+00:00","twitter_card":"summary_large_image","twitter_misc":{"Est. reading time":"2 minutes"},"schema":{"@context":"https:\/\/schema.org","@graph":[{"@type":"WebPage","@id":"https:\/\/supervac.co\/fr\/camions-equipements\/unites-en-inventaire\/","url":"https:\/\/supervac.co\/fr\/camions-equipements\/unites-en-inventaire\/","name":"Camions vacuums & unit\u00e9s hydrovac \u00e0 vendre | Supervac","isPartOf":{"@id":"https:\/\/supervac.co\/#website"},"datePublished":"2017-12-12T19:24:21+00:00","dateModified":"2025-12-16T20:04:17+00:00","description":"Hydro-excavatrices, nettoyeurs d'\u00e9gouts, camion sanitaire, camion vaccum sec\/ humide \u00e0 vendre: d\u00e9couvrez les unit\u00e9s Supervac en inventaire pr\u00eates \u00e0 prendre la route.","breadcrumb":{"@id":"https:\/\/supervac.co\/fr\/camions-equipements\/unites-en-inventaire\/#breadcrumb"},"inLanguage":"fr-CA","potentialAction":[{"@type":"ReadAction","target":["https:\/\/supervac.co\/fr\/camions-equipements\/unites-en-inventaire\/"]}]},{"@type":"BreadcrumbList","@id":"https:\/\/supervac.co\/fr\/camions-equipements\/unites-en-inventaire\/#breadcrumb","itemListElement":[{"@type":"ListItem","position":1,"name":"Accueil","item":"https:\/\/supervac.co\/fr\/"},{"@type":"ListItem","position":2,"name":"Camions et \u00e9quipements","item":"https:\/\/supervac.co\/fr\/camions-equipements\/"},{"@type":"ListItem","position":3,"name":"Unit\u00e9s en stock"}]},{"@type":"WebSite","@id":"https:\/\/supervac.co\/#website","url":"https:\/\/supervac.co\/","name":"Supervac","description":"","potentialAction":[{"@type":"SearchAction","target":{"@type":"EntryPoint","urlTemplate":"https:\/\/supervac.co\/?s={search_term_string}"},"query-input":{"@type":"PropertyValueSpecification","valueRequired":true,"valueName":"search_term_string"}}],"inLanguage":"fr-CA"}]}},"_links":{"self":[{"href":"https:\/\/supervac.co\/fr\/wp-json\/wp\/v2\/pages\/1938","targetHints":{"allow":["GET"]}}],"collection":[{"href":"https:\/\/supervac.co\/fr\/wp-json\/wp\/v2\/pages"}],"about":[{"href":"https:\/\/supervac.co\/fr\/wp-json\/wp\/v2\/types\/page"}],"author":[{"embeddable":true,"href":"https:\/\/supervac.co\/fr\/wp-json\/wp\/v2\/users\/7"}],"replies":[{"embeddable":true,"href":"https:\/\/supervac.co\/fr\/wp-json\/wp\/v2\/comments?post=1938"}],"version-history":[{"count":50,"href":"https:\/\/supervac.co\/fr\/wp-json\/wp\/v2\/pages\/1938\/revisions"}],"predecessor-version":[{"id":5265,"href":"https:\/\/supervac.co\/fr\/wp-json\/wp\/v2\/pages\/1938\/revisions\/5265"}],"up":[{"embeddable":true,"href":"https:\/\/supervac.co\/fr\/wp-json\/wp\/v2\/pages\/1915"}],"wp:attachment":[{"href":"https:\/\/supervac.co\/fr\/wp-json\/wp\/v2\/media?parent=1938"}],"curies":[{"name":"wp","href":"https:\/\/api.w.org\/{rel}","templated":true}]}}