{"id":1949,"date":"2017-12-12T14:16:20","date_gmt":"2017-12-12T19:16:20","guid":{"rendered":"https:\/\/supervac.co\/trucks-and-equipments\/hydro-excavator\/boreas\/"},"modified":"2024-05-09T17:16:02","modified_gmt":"2024-05-09T21:16:02","slug":"boreas","status":"publish","type":"page","link":"https:\/\/supervac.co\/fr\/camions-equipements\/hydro-excavatrices\/boreas\/","title":{"rendered":"Boreas"},"content":{"rendered":"","protected":false},"excerpt":{"rendered":"","protected":false},"author":7,"featured_media":0,"parent":1935,"menu_order":0,"comment_status":"closed","ping_status":"closed","template":"","meta":{"_acf_changed":false,"footnotes":""},"class_list":["post-1949","page","type-page","status-publish","hentry"],"acf":[],"yoast_head":"<!-- This site is optimized with the Yoast SEO plugin v27.2 - https:\/\/yoast.com\/product\/yoast-seo-wordpress\/ -->\n<title>Boreas | Une remorque hydro-excavatrice con\u00e7ue pour pour le froid<\/title>\n<meta name=\"description\" content=\"Le BOREAS est une remorque hydro vac sp\u00e9cialement con\u00e7ue pour les climats froids. Le coffre avant chauff\u00e9 et l&#039;armoire de la pompe \u00e0 eau isol\u00e9s prot\u00e8gent l&#039;\u00e9quipement des temp\u00e9ratures sous le point de cong\u00e9lation.\" \/>\n<meta name=\"robots\" content=\"index, follow, max-snippet:-1, max-image-preview:large, max-video-preview:-1\" \/>\n<link rel=\"canonical\" href=\"https:\/\/supervac.co\/fr\/camions-equipements\/hydro-excavatrices\/boreas\/\" \/>\n<meta property=\"og:locale\" content=\"fr_FR\" \/>\n<meta property=\"og:type\" content=\"article\" \/>\n<meta property=\"og:title\" content=\"Boreas | Une remorque hydro-excavatrice con\u00e7ue pour pour le froid\" \/>\n<meta property=\"og:description\" content=\"Le BOREAS est une remorque hydro vac sp\u00e9cialement con\u00e7ue pour les climats froids. Le coffre avant chauff\u00e9 et l&#039;armoire de la pompe \u00e0 eau isol\u00e9s prot\u00e8gent l&#039;\u00e9quipement des temp\u00e9ratures sous le point de cong\u00e9lation.\" \/>\n<meta property=\"og:url\" content=\"https:\/\/supervac.co\/fr\/camions-equipements\/hydro-excavatrices\/boreas\/\" \/>\n<meta property=\"og:site_name\" content=\"Supervac\" \/>\n<meta property=\"article:publisher\" content=\"https:\/\/www.facebook.com\/supervac2000\/\" \/>\n<meta property=\"article:modified_time\" content=\"2024-05-09T21:16:02+00:00\" \/>\n<meta name=\"twitter:card\" content=\"summary_large_image\" \/>\n<meta name=\"twitter:label1\" content=\"Est. reading time\" \/>\n\t<meta name=\"twitter:data1\" content=\"8 minutes\" \/>\n<script type=\"application\/ld+json\" class=\"yoast-schema-graph\">{\"@context\":\"https:\/\/schema.org\",\"@graph\":[{\"@type\":\"WebPage\",\"@id\":\"https:\/\/supervac.co\/fr\/camions-equipements\/hydro-excavatrices\/boreas\/\",\"url\":\"https:\/\/supervac.co\/fr\/camions-equipements\/hydro-excavatrices\/boreas\/\",\"name\":\"Boreas | Une remorque hydro-excavatrice con\u00e7ue pour pour le froid\",\"isPartOf\":{\"@id\":\"https:\/\/supervac.co\/#website\"},\"datePublished\":\"2017-12-12T19:16:20+00:00\",\"dateModified\":\"2024-05-09T21:16:02+00:00\",\"description\":\"Le BOREAS est une remorque hydro vac sp\u00e9cialement con\u00e7ue pour les climats froids. Le coffre avant chauff\u00e9 et l'armoire de la pompe \u00e0 eau isol\u00e9s prot\u00e8gent l'\u00e9quipement des temp\u00e9ratures sous le point de cong\u00e9lation.\",\"breadcrumb\":{\"@id\":\"https:\/\/supervac.co\/fr\/camions-equipements\/hydro-excavatrices\/boreas\/#breadcrumb\"},\"inLanguage\":\"fr-CA\",\"potentialAction\":[{\"@type\":\"ReadAction\",\"target\":[\"https:\/\/supervac.co\/fr\/camions-equipements\/hydro-excavatrices\/boreas\/\"]}]},{\"@type\":\"BreadcrumbList\",\"@id\":\"https:\/\/supervac.co\/fr\/camions-equipements\/hydro-excavatrices\/boreas\/#breadcrumb\",\"itemListElement\":[{\"@type\":\"ListItem\",\"position\":1,\"name\":\"Accueil\",\"item\":\"https:\/\/supervac.co\/fr\/\"},{\"@type\":\"ListItem\",\"position\":2,\"name\":\"Camions et \u00e9quipements\",\"item\":\"https:\/\/supervac.co\/fr\/camions-equipements\/\"},{\"@type\":\"ListItem\",\"position\":3,\"name\":\"Hydro excavatrices\",\"item\":\"https:\/\/supervac.co\/fr\/camions-equipements\/hydro-excavatrices\/\"},{\"@type\":\"ListItem\",\"position\":4,\"name\":\"Boreas\"}]},{\"@type\":\"WebSite\",\"@id\":\"https:\/\/supervac.co\/#website\",\"url\":\"https:\/\/supervac.co\/\",\"name\":\"Supervac\",\"description\":\"\",\"potentialAction\":[{\"@type\":\"SearchAction\",\"target\":{\"@type\":\"EntryPoint\",\"urlTemplate\":\"https:\/\/supervac.co\/?s={search_term_string}\"},\"query-input\":{\"@type\":\"PropertyValueSpecification\",\"valueRequired\":true,\"valueName\":\"search_term_string\"}}],\"inLanguage\":\"fr-CA\"}]}<\/script>\n<!-- \/ Yoast SEO plugin. -->","yoast_head_json":{"title":"Boreas | Une remorque hydro-excavatrice con\u00e7ue pour pour le froid","description":"Le BOREAS est une remorque hydro vac sp\u00e9cialement con\u00e7ue pour les climats froids. Le coffre avant chauff\u00e9 et l'armoire de la pompe \u00e0 eau isol\u00e9s prot\u00e8gent l'\u00e9quipement des temp\u00e9ratures sous le point de cong\u00e9lation.","robots":{"index":"index","follow":"follow","max-snippet":"max-snippet:-1","max-image-preview":"max-image-preview:large","max-video-preview":"max-video-preview:-1"},"canonical":"https:\/\/supervac.co\/fr\/camions-equipements\/hydro-excavatrices\/boreas\/","og_locale":"fr_FR","og_type":"article","og_title":"Boreas | Une remorque hydro-excavatrice con\u00e7ue pour pour le froid","og_description":"Le BOREAS est une remorque hydro vac sp\u00e9cialement con\u00e7ue pour les climats froids. Le coffre avant chauff\u00e9 et l'armoire de la pompe \u00e0 eau isol\u00e9s prot\u00e8gent l'\u00e9quipement des temp\u00e9ratures sous le point de cong\u00e9lation.","og_url":"https:\/\/supervac.co\/fr\/camions-equipements\/hydro-excavatrices\/boreas\/","og_site_name":"Supervac","article_publisher":"https:\/\/www.facebook.com\/supervac2000\/","article_modified_time":"2024-05-09T21:16:02+00:00","twitter_card":"summary_large_image","twitter_misc":{"Est. reading time":"8 minutes"},"schema":{"@context":"https:\/\/schema.org","@graph":[{"@type":"WebPage","@id":"https:\/\/supervac.co\/fr\/camions-equipements\/hydro-excavatrices\/boreas\/","url":"https:\/\/supervac.co\/fr\/camions-equipements\/hydro-excavatrices\/boreas\/","name":"Boreas | Une remorque hydro-excavatrice con\u00e7ue pour pour le froid","isPartOf":{"@id":"https:\/\/supervac.co\/#website"},"datePublished":"2017-12-12T19:16:20+00:00","dateModified":"2024-05-09T21:16:02+00:00","description":"Le BOREAS est une remorque hydro vac sp\u00e9cialement con\u00e7ue pour les climats froids. Le coffre avant chauff\u00e9 et l'armoire de la pompe \u00e0 eau isol\u00e9s prot\u00e8gent l'\u00e9quipement des temp\u00e9ratures sous le point de cong\u00e9lation.","breadcrumb":{"@id":"https:\/\/supervac.co\/fr\/camions-equipements\/hydro-excavatrices\/boreas\/#breadcrumb"},"inLanguage":"fr-CA","potentialAction":[{"@type":"ReadAction","target":["https:\/\/supervac.co\/fr\/camions-equipements\/hydro-excavatrices\/boreas\/"]}]},{"@type":"BreadcrumbList","@id":"https:\/\/supervac.co\/fr\/camions-equipements\/hydro-excavatrices\/boreas\/#breadcrumb","itemListElement":[{"@type":"ListItem","position":1,"name":"Accueil","item":"https:\/\/supervac.co\/fr\/"},{"@type":"ListItem","position":2,"name":"Camions et \u00e9quipements","item":"https:\/\/supervac.co\/fr\/camions-equipements\/"},{"@type":"ListItem","position":3,"name":"Hydro excavatrices","item":"https:\/\/supervac.co\/fr\/camions-equipements\/hydro-excavatrices\/"},{"@type":"ListItem","position":4,"name":"Boreas"}]},{"@type":"WebSite","@id":"https:\/\/supervac.co\/#website","url":"https:\/\/supervac.co\/","name":"Supervac","description":"","potentialAction":[{"@type":"SearchAction","target":{"@type":"EntryPoint","urlTemplate":"https:\/\/supervac.co\/?s={search_term_string}"},"query-input":{"@type":"PropertyValueSpecification","valueRequired":true,"valueName":"search_term_string"}}],"inLanguage":"fr-CA"}]}},"_links":{"self":[{"href":"https:\/\/supervac.co\/fr\/wp-json\/wp\/v2\/pages\/1949","targetHints":{"allow":["GET"]}}],"collection":[{"href":"https:\/\/supervac.co\/fr\/wp-json\/wp\/v2\/pages"}],"about":[{"href":"https:\/\/supervac.co\/fr\/wp-json\/wp\/v2\/types\/page"}],"author":[{"embeddable":true,"href":"https:\/\/supervac.co\/fr\/wp-json\/wp\/v2\/users\/7"}],"replies":[{"embeddable":true,"href":"https:\/\/supervac.co\/fr\/wp-json\/wp\/v2\/comments?post=1949"}],"version-history":[{"count":33,"href":"https:\/\/supervac.co\/fr\/wp-json\/wp\/v2\/pages\/1949\/revisions"}],"predecessor-version":[{"id":4848,"href":"https:\/\/supervac.co\/fr\/wp-json\/wp\/v2\/pages\/1949\/revisions\/4848"}],"up":[{"embeddable":true,"href":"https:\/\/supervac.co\/fr\/wp-json\/wp\/v2\/pages\/1935"}],"wp:attachment":[{"href":"https:\/\/supervac.co\/fr\/wp-json\/wp\/v2\/media?parent=1949"}],"curies":[{"name":"wp","href":"https:\/\/api.w.org\/{rel}","templated":true}]}}