{"id":1953,"date":"2017-12-12T14:22:06","date_gmt":"2017-12-12T19:22:06","guid":{"rendered":"https:\/\/supervac.co\/trucks-and-equipments\/wet-dry-vacuum\/aeos\/"},"modified":"2024-05-09T17:40:10","modified_gmt":"2024-05-09T21:40:10","slug":"aeos","status":"publish","type":"page","link":"https:\/\/supervac.co\/fr\/camions-equipements\/vacuum-sec-humide\/aeos\/","title":{"rendered":"Aeos"},"content":{"rendered":"","protected":false},"excerpt":{"rendered":"","protected":false},"author":7,"featured_media":0,"parent":1940,"menu_order":0,"comment_status":"closed","ping_status":"closed","template":"","meta":{"_acf_changed":false,"footnotes":""},"class_list":["post-1953","page","type-page","status-publish","hentry"],"acf":[],"yoast_head":"<!-- This site is optimized with the Yoast SEO plugin v27.2 - https:\/\/yoast.com\/product\/yoast-seo-wordpress\/ -->\n<title>AEOS | Camion vacuum \u00e9conomique et \u00e0 grande capacit\u00e9 de Supervac<\/title>\n<meta name=\"description\" content=\"Le AEOS est une solution vacuum \u00e0 faible co\u00fbt. Sa pompe \u00e0 vide ing\u00e9nieusement mont\u00e9e sur le c\u00f4t\u00e9 vous permet d\u2019obtenir un r\u00e9servoir d\u2019un plus grande capacit\u00e9.\" \/>\n<meta name=\"robots\" content=\"index, follow, max-snippet:-1, max-image-preview:large, max-video-preview:-1\" \/>\n<link rel=\"canonical\" href=\"https:\/\/supervac.co\/fr\/camions-equipements\/vacuum-sec-humide\/aeos\/\" \/>\n<meta property=\"og:locale\" content=\"fr_FR\" \/>\n<meta property=\"og:type\" content=\"article\" \/>\n<meta property=\"og:title\" content=\"AEOS | Camion vacuum \u00e9conomique et \u00e0 grande capacit\u00e9 de Supervac\" \/>\n<meta property=\"og:description\" content=\"Le AEOS est une solution vacuum \u00e0 faible co\u00fbt. Sa pompe \u00e0 vide ing\u00e9nieusement mont\u00e9e sur le c\u00f4t\u00e9 vous permet d\u2019obtenir un r\u00e9servoir d\u2019un plus grande capacit\u00e9.\" \/>\n<meta property=\"og:url\" content=\"https:\/\/supervac.co\/fr\/camions-equipements\/vacuum-sec-humide\/aeos\/\" \/>\n<meta property=\"og:site_name\" content=\"Supervac\" \/>\n<meta property=\"article:publisher\" content=\"https:\/\/www.facebook.com\/supervac2000\/\" \/>\n<meta property=\"article:modified_time\" content=\"2024-05-09T21:40:10+00:00\" \/>\n<meta name=\"twitter:card\" content=\"summary_large_image\" \/>\n<meta name=\"twitter:label1\" content=\"Est. reading time\" \/>\n\t<meta name=\"twitter:data1\" content=\"4 minutes\" \/>\n<script type=\"application\/ld+json\" class=\"yoast-schema-graph\">{\"@context\":\"https:\/\/schema.org\",\"@graph\":[{\"@type\":\"WebPage\",\"@id\":\"https:\/\/supervac.co\/fr\/camions-equipements\/vacuum-sec-humide\/aeos\/\",\"url\":\"https:\/\/supervac.co\/fr\/camions-equipements\/vacuum-sec-humide\/aeos\/\",\"name\":\"AEOS | Camion vacuum \u00e9conomique et \u00e0 grande capacit\u00e9 de Supervac\",\"isPartOf\":{\"@id\":\"https:\/\/supervac.co\/#website\"},\"datePublished\":\"2017-12-12T19:22:06+00:00\",\"dateModified\":\"2024-05-09T21:40:10+00:00\",\"description\":\"Le AEOS est une solution vacuum \u00e0 faible co\u00fbt. Sa pompe \u00e0 vide ing\u00e9nieusement mont\u00e9e sur le c\u00f4t\u00e9 vous permet d\u2019obtenir un r\u00e9servoir d\u2019un plus grande capacit\u00e9.\",\"breadcrumb\":{\"@id\":\"https:\/\/supervac.co\/fr\/camions-equipements\/vacuum-sec-humide\/aeos\/#breadcrumb\"},\"inLanguage\":\"fr-CA\",\"potentialAction\":[{\"@type\":\"ReadAction\",\"target\":[\"https:\/\/supervac.co\/fr\/camions-equipements\/vacuum-sec-humide\/aeos\/\"]}]},{\"@type\":\"BreadcrumbList\",\"@id\":\"https:\/\/supervac.co\/fr\/camions-equipements\/vacuum-sec-humide\/aeos\/#breadcrumb\",\"itemListElement\":[{\"@type\":\"ListItem\",\"position\":1,\"name\":\"Accueil\",\"item\":\"https:\/\/supervac.co\/fr\/\"},{\"@type\":\"ListItem\",\"position\":2,\"name\":\"Camions et \u00e9quipements\",\"item\":\"https:\/\/supervac.co\/fr\/camions-equipements\/\"},{\"@type\":\"ListItem\",\"position\":3,\"name\":\"Nettoyage Industriel\",\"item\":\"https:\/\/supervac.co\/fr\/camions-equipements\/vacuum-sec-humide\/\"},{\"@type\":\"ListItem\",\"position\":4,\"name\":\"Aeos\"}]},{\"@type\":\"WebSite\",\"@id\":\"https:\/\/supervac.co\/#website\",\"url\":\"https:\/\/supervac.co\/\",\"name\":\"Supervac\",\"description\":\"\",\"potentialAction\":[{\"@type\":\"SearchAction\",\"target\":{\"@type\":\"EntryPoint\",\"urlTemplate\":\"https:\/\/supervac.co\/?s={search_term_string}\"},\"query-input\":{\"@type\":\"PropertyValueSpecification\",\"valueRequired\":true,\"valueName\":\"search_term_string\"}}],\"inLanguage\":\"fr-CA\"}]}<\/script>\n<!-- \/ Yoast SEO plugin. -->","yoast_head_json":{"title":"AEOS | Camion vacuum \u00e9conomique et \u00e0 grande capacit\u00e9 de Supervac","description":"Le AEOS est une solution vacuum \u00e0 faible co\u00fbt. Sa pompe \u00e0 vide ing\u00e9nieusement mont\u00e9e sur le c\u00f4t\u00e9 vous permet d\u2019obtenir un r\u00e9servoir d\u2019un plus grande capacit\u00e9.","robots":{"index":"index","follow":"follow","max-snippet":"max-snippet:-1","max-image-preview":"max-image-preview:large","max-video-preview":"max-video-preview:-1"},"canonical":"https:\/\/supervac.co\/fr\/camions-equipements\/vacuum-sec-humide\/aeos\/","og_locale":"fr_FR","og_type":"article","og_title":"AEOS | Camion vacuum \u00e9conomique et \u00e0 grande capacit\u00e9 de Supervac","og_description":"Le AEOS est une solution vacuum \u00e0 faible co\u00fbt. Sa pompe \u00e0 vide ing\u00e9nieusement mont\u00e9e sur le c\u00f4t\u00e9 vous permet d\u2019obtenir un r\u00e9servoir d\u2019un plus grande capacit\u00e9.","og_url":"https:\/\/supervac.co\/fr\/camions-equipements\/vacuum-sec-humide\/aeos\/","og_site_name":"Supervac","article_publisher":"https:\/\/www.facebook.com\/supervac2000\/","article_modified_time":"2024-05-09T21:40:10+00:00","twitter_card":"summary_large_image","twitter_misc":{"Est. reading time":"4 minutes"},"schema":{"@context":"https:\/\/schema.org","@graph":[{"@type":"WebPage","@id":"https:\/\/supervac.co\/fr\/camions-equipements\/vacuum-sec-humide\/aeos\/","url":"https:\/\/supervac.co\/fr\/camions-equipements\/vacuum-sec-humide\/aeos\/","name":"AEOS | Camion vacuum \u00e9conomique et \u00e0 grande capacit\u00e9 de Supervac","isPartOf":{"@id":"https:\/\/supervac.co\/#website"},"datePublished":"2017-12-12T19:22:06+00:00","dateModified":"2024-05-09T21:40:10+00:00","description":"Le AEOS est une solution vacuum \u00e0 faible co\u00fbt. Sa pompe \u00e0 vide ing\u00e9nieusement mont\u00e9e sur le c\u00f4t\u00e9 vous permet d\u2019obtenir un r\u00e9servoir d\u2019un plus grande capacit\u00e9.","breadcrumb":{"@id":"https:\/\/supervac.co\/fr\/camions-equipements\/vacuum-sec-humide\/aeos\/#breadcrumb"},"inLanguage":"fr-CA","potentialAction":[{"@type":"ReadAction","target":["https:\/\/supervac.co\/fr\/camions-equipements\/vacuum-sec-humide\/aeos\/"]}]},{"@type":"BreadcrumbList","@id":"https:\/\/supervac.co\/fr\/camions-equipements\/vacuum-sec-humide\/aeos\/#breadcrumb","itemListElement":[{"@type":"ListItem","position":1,"name":"Accueil","item":"https:\/\/supervac.co\/fr\/"},{"@type":"ListItem","position":2,"name":"Camions et \u00e9quipements","item":"https:\/\/supervac.co\/fr\/camions-equipements\/"},{"@type":"ListItem","position":3,"name":"Nettoyage Industriel","item":"https:\/\/supervac.co\/fr\/camions-equipements\/vacuum-sec-humide\/"},{"@type":"ListItem","position":4,"name":"Aeos"}]},{"@type":"WebSite","@id":"https:\/\/supervac.co\/#website","url":"https:\/\/supervac.co\/","name":"Supervac","description":"","potentialAction":[{"@type":"SearchAction","target":{"@type":"EntryPoint","urlTemplate":"https:\/\/supervac.co\/?s={search_term_string}"},"query-input":{"@type":"PropertyValueSpecification","valueRequired":true,"valueName":"search_term_string"}}],"inLanguage":"fr-CA"}]}},"_links":{"self":[{"href":"https:\/\/supervac.co\/fr\/wp-json\/wp\/v2\/pages\/1953","targetHints":{"allow":["GET"]}}],"collection":[{"href":"https:\/\/supervac.co\/fr\/wp-json\/wp\/v2\/pages"}],"about":[{"href":"https:\/\/supervac.co\/fr\/wp-json\/wp\/v2\/types\/page"}],"author":[{"embeddable":true,"href":"https:\/\/supervac.co\/fr\/wp-json\/wp\/v2\/users\/7"}],"replies":[{"embeddable":true,"href":"https:\/\/supervac.co\/fr\/wp-json\/wp\/v2\/comments?post=1953"}],"version-history":[{"count":18,"href":"https:\/\/supervac.co\/fr\/wp-json\/wp\/v2\/pages\/1953\/revisions"}],"predecessor-version":[{"id":4878,"href":"https:\/\/supervac.co\/fr\/wp-json\/wp\/v2\/pages\/1953\/revisions\/4878"}],"up":[{"embeddable":true,"href":"https:\/\/supervac.co\/fr\/wp-json\/wp\/v2\/pages\/1940"}],"wp:attachment":[{"href":"https:\/\/supervac.co\/fr\/wp-json\/wp\/v2\/media?parent=1953"}],"curies":[{"name":"wp","href":"https:\/\/api.w.org\/{rel}","templated":true}]}}