{"id":1971,"date":"2017-12-12T15:20:01","date_gmt":"2017-12-12T20:20:01","guid":{"rendered":"https:\/\/supervac.co\/about\/"},"modified":"2023-04-03T17:20:04","modified_gmt":"2023-04-03T21:20:04","slug":"a-propos","status":"publish","type":"page","link":"https:\/\/supervac.co\/fr\/a-propos\/","title":{"rendered":"\u00c0 propos"},"content":{"rendered":"","protected":false},"excerpt":{"rendered":"","protected":false},"author":7,"featured_media":0,"parent":0,"menu_order":0,"comment_status":"closed","ping_status":"closed","template":"","meta":{"_acf_changed":false,"footnotes":""},"class_list":["post-1971","page","type-page","status-publish","hentry"],"acf":[],"yoast_head":"<!-- This site is optimized with the Yoast SEO plugin v27.2 - https:\/\/yoast.com\/product\/yoast-seo-wordpress\/ -->\n<title>\u00c0 propos - Supervac<\/title>\n<meta name=\"description\" content=\"Apprenez-en plus \u00e0 propos des valeurs de Supervac et de ce qui nous pousse \u00e0 aller de l\u2019avant. De sa fondation en 1979 aux actualit\u00e9s d&#039;aujourd&#039;hui, d\u00e9couvrez l&#039;entreprise Supervac. Histoire, Nouvelles et Salons et \u00e9v\u00e9nement.\" \/>\n<meta name=\"robots\" content=\"index, follow, max-snippet:-1, max-image-preview:large, max-video-preview:-1\" \/>\n<link rel=\"canonical\" href=\"https:\/\/supervac.co\/fr\/a-propos\/\" \/>\n<meta property=\"og:locale\" content=\"fr_FR\" \/>\n<meta property=\"og:type\" content=\"article\" \/>\n<meta property=\"og:title\" content=\"\u00c0 propos - Supervac\" \/>\n<meta property=\"og:description\" content=\"Apprenez-en plus \u00e0 propos des valeurs de Supervac et de ce qui nous pousse \u00e0 aller de l\u2019avant. De sa fondation en 1979 aux actualit\u00e9s d&#039;aujourd&#039;hui, d\u00e9couvrez l&#039;entreprise Supervac. Histoire, Nouvelles et Salons et \u00e9v\u00e9nement.\" \/>\n<meta property=\"og:url\" content=\"https:\/\/supervac.co\/fr\/a-propos\/\" \/>\n<meta property=\"og:site_name\" content=\"Supervac\" \/>\n<meta property=\"article:publisher\" content=\"https:\/\/www.facebook.com\/supervac2000\/\" \/>\n<meta property=\"article:modified_time\" content=\"2023-04-03T21:20:04+00:00\" \/>\n<meta name=\"twitter:card\" content=\"summary_large_image\" \/>\n<script type=\"application\/ld+json\" class=\"yoast-schema-graph\">{\"@context\":\"https:\/\/schema.org\",\"@graph\":[{\"@type\":\"WebPage\",\"@id\":\"https:\/\/supervac.co\/fr\/a-propos\/\",\"url\":\"https:\/\/supervac.co\/fr\/a-propos\/\",\"name\":\"\u00c0 propos - Supervac\",\"isPartOf\":{\"@id\":\"https:\/\/supervac.co\/#website\"},\"datePublished\":\"2017-12-12T20:20:01+00:00\",\"dateModified\":\"2023-04-03T21:20:04+00:00\",\"description\":\"Apprenez-en plus \u00e0 propos des valeurs de Supervac et de ce qui nous pousse \u00e0 aller de l\u2019avant. De sa fondation en 1979 aux actualit\u00e9s d'aujourd'hui, d\u00e9couvrez l'entreprise Supervac. Histoire, Nouvelles et Salons et \u00e9v\u00e9nement.\",\"breadcrumb\":{\"@id\":\"https:\/\/supervac.co\/fr\/a-propos\/#breadcrumb\"},\"inLanguage\":\"fr-CA\",\"potentialAction\":[{\"@type\":\"ReadAction\",\"target\":[\"https:\/\/supervac.co\/fr\/a-propos\/\"]}]},{\"@type\":\"BreadcrumbList\",\"@id\":\"https:\/\/supervac.co\/fr\/a-propos\/#breadcrumb\",\"itemListElement\":[{\"@type\":\"ListItem\",\"position\":1,\"name\":\"Accueil\",\"item\":\"https:\/\/supervac.co\/fr\/\"},{\"@type\":\"ListItem\",\"position\":2,\"name\":\"\u00c0 propos\"}]},{\"@type\":\"WebSite\",\"@id\":\"https:\/\/supervac.co\/#website\",\"url\":\"https:\/\/supervac.co\/\",\"name\":\"Supervac\",\"description\":\"\",\"potentialAction\":[{\"@type\":\"SearchAction\",\"target\":{\"@type\":\"EntryPoint\",\"urlTemplate\":\"https:\/\/supervac.co\/?s={search_term_string}\"},\"query-input\":{\"@type\":\"PropertyValueSpecification\",\"valueRequired\":true,\"valueName\":\"search_term_string\"}}],\"inLanguage\":\"fr-CA\"}]}<\/script>\n<!-- \/ Yoast SEO plugin. -->","yoast_head_json":{"title":"\u00c0 propos - Supervac","description":"Apprenez-en plus \u00e0 propos des valeurs de Supervac et de ce qui nous pousse \u00e0 aller de l\u2019avant. De sa fondation en 1979 aux actualit\u00e9s d'aujourd'hui, d\u00e9couvrez l'entreprise Supervac. Histoire, Nouvelles et Salons et \u00e9v\u00e9nement.","robots":{"index":"index","follow":"follow","max-snippet":"max-snippet:-1","max-image-preview":"max-image-preview:large","max-video-preview":"max-video-preview:-1"},"canonical":"https:\/\/supervac.co\/fr\/a-propos\/","og_locale":"fr_FR","og_type":"article","og_title":"\u00c0 propos - Supervac","og_description":"Apprenez-en plus \u00e0 propos des valeurs de Supervac et de ce qui nous pousse \u00e0 aller de l\u2019avant. De sa fondation en 1979 aux actualit\u00e9s d'aujourd'hui, d\u00e9couvrez l'entreprise Supervac. Histoire, Nouvelles et Salons et \u00e9v\u00e9nement.","og_url":"https:\/\/supervac.co\/fr\/a-propos\/","og_site_name":"Supervac","article_publisher":"https:\/\/www.facebook.com\/supervac2000\/","article_modified_time":"2023-04-03T21:20:04+00:00","twitter_card":"summary_large_image","schema":{"@context":"https:\/\/schema.org","@graph":[{"@type":"WebPage","@id":"https:\/\/supervac.co\/fr\/a-propos\/","url":"https:\/\/supervac.co\/fr\/a-propos\/","name":"\u00c0 propos - Supervac","isPartOf":{"@id":"https:\/\/supervac.co\/#website"},"datePublished":"2017-12-12T20:20:01+00:00","dateModified":"2023-04-03T21:20:04+00:00","description":"Apprenez-en plus \u00e0 propos des valeurs de Supervac et de ce qui nous pousse \u00e0 aller de l\u2019avant. De sa fondation en 1979 aux actualit\u00e9s d'aujourd'hui, d\u00e9couvrez l'entreprise Supervac. Histoire, Nouvelles et Salons et \u00e9v\u00e9nement.","breadcrumb":{"@id":"https:\/\/supervac.co\/fr\/a-propos\/#breadcrumb"},"inLanguage":"fr-CA","potentialAction":[{"@type":"ReadAction","target":["https:\/\/supervac.co\/fr\/a-propos\/"]}]},{"@type":"BreadcrumbList","@id":"https:\/\/supervac.co\/fr\/a-propos\/#breadcrumb","itemListElement":[{"@type":"ListItem","position":1,"name":"Accueil","item":"https:\/\/supervac.co\/fr\/"},{"@type":"ListItem","position":2,"name":"\u00c0 propos"}]},{"@type":"WebSite","@id":"https:\/\/supervac.co\/#website","url":"https:\/\/supervac.co\/","name":"Supervac","description":"","potentialAction":[{"@type":"SearchAction","target":{"@type":"EntryPoint","urlTemplate":"https:\/\/supervac.co\/?s={search_term_string}"},"query-input":{"@type":"PropertyValueSpecification","valueRequired":true,"valueName":"search_term_string"}}],"inLanguage":"fr-CA"}]}},"_links":{"self":[{"href":"https:\/\/supervac.co\/fr\/wp-json\/wp\/v2\/pages\/1971","targetHints":{"allow":["GET"]}}],"collection":[{"href":"https:\/\/supervac.co\/fr\/wp-json\/wp\/v2\/pages"}],"about":[{"href":"https:\/\/supervac.co\/fr\/wp-json\/wp\/v2\/types\/page"}],"author":[{"embeddable":true,"href":"https:\/\/supervac.co\/fr\/wp-json\/wp\/v2\/users\/7"}],"replies":[{"embeddable":true,"href":"https:\/\/supervac.co\/fr\/wp-json\/wp\/v2\/comments?post=1971"}],"version-history":[{"count":7,"href":"https:\/\/supervac.co\/fr\/wp-json\/wp\/v2\/pages\/1971\/revisions"}],"predecessor-version":[{"id":4282,"href":"https:\/\/supervac.co\/fr\/wp-json\/wp\/v2\/pages\/1971\/revisions\/4282"}],"wp:attachment":[{"href":"https:\/\/supervac.co\/fr\/wp-json\/wp\/v2\/media?parent=1971"}],"curies":[{"name":"wp","href":"https:\/\/api.w.org\/{rel}","templated":true}]}}