{"id":1974,"date":"2017-12-12T15:20:01","date_gmt":"2017-12-12T20:20:01","guid":{"rendered":"https:\/\/supervac.co\/contact-us\/"},"modified":"2026-01-13T09:11:47","modified_gmt":"2026-01-13T14:11:47","slug":"nous-contacter","status":"publish","type":"page","link":"https:\/\/supervac.co\/fr\/nous-contacter\/","title":{"rendered":"Nous contacter"},"content":{"rendered":"","protected":false},"excerpt":{"rendered":"","protected":false},"author":7,"featured_media":0,"parent":0,"menu_order":0,"comment_status":"closed","ping_status":"closed","template":"","meta":{"_acf_changed":false,"footnotes":""},"class_list":["post-1974","page","type-page","status-publish","hentry"],"acf":[],"yoast_head":"<!-- This site is optimized with the Yoast SEO plugin v27.2 - https:\/\/yoast.com\/product\/yoast-seo-wordpress\/ -->\n<title>Nous contacter | Contacter un repr\u00e9sentant Supervac<\/title>\n<meta name=\"description\" content=\"Contactez-nous par t\u00e9l\u00e9phone, courriel, fax ou Facebook pour avoir plus d\u2019information sur nos \u00e9quipements, entrer en contact avec notre d\u00e9partement de service ou tout autre sujet.\" \/>\n<meta name=\"robots\" content=\"index, follow, max-snippet:-1, max-image-preview:large, max-video-preview:-1\" \/>\n<link rel=\"canonical\" href=\"https:\/\/supervac.co\/fr\/nous-contacter\/\" \/>\n<meta property=\"og:locale\" content=\"fr_FR\" \/>\n<meta property=\"og:type\" content=\"article\" \/>\n<meta property=\"og:title\" content=\"Nous contacter | Contacter un repr\u00e9sentant Supervac\" \/>\n<meta property=\"og:description\" content=\"Contactez-nous par t\u00e9l\u00e9phone, courriel, fax ou Facebook pour avoir plus d\u2019information sur nos \u00e9quipements, entrer en contact avec notre d\u00e9partement de service ou tout autre sujet.\" \/>\n<meta property=\"og:url\" content=\"https:\/\/supervac.co\/fr\/nous-contacter\/\" \/>\n<meta property=\"og:site_name\" content=\"Supervac\" \/>\n<meta property=\"article:publisher\" content=\"https:\/\/www.facebook.com\/supervac2000\/\" \/>\n<meta property=\"article:modified_time\" content=\"2026-01-13T14:11:47+00:00\" \/>\n<meta name=\"twitter:card\" content=\"summary_large_image\" \/>\n<meta name=\"twitter:label1\" content=\"Est. reading time\" \/>\n\t<meta name=\"twitter:data1\" content=\"1 minute\" \/>\n<script type=\"application\/ld+json\" class=\"yoast-schema-graph\">{\"@context\":\"https:\/\/schema.org\",\"@graph\":[{\"@type\":\"WebPage\",\"@id\":\"https:\/\/supervac.co\/fr\/nous-contacter\/\",\"url\":\"https:\/\/supervac.co\/fr\/nous-contacter\/\",\"name\":\"Nous contacter | Contacter un repr\u00e9sentant Supervac\",\"isPartOf\":{\"@id\":\"https:\/\/supervac.co\/#website\"},\"datePublished\":\"2017-12-12T20:20:01+00:00\",\"dateModified\":\"2026-01-13T14:11:47+00:00\",\"description\":\"Contactez-nous par t\u00e9l\u00e9phone, courriel, fax ou Facebook pour avoir plus d\u2019information sur nos \u00e9quipements, entrer en contact avec notre d\u00e9partement de service ou tout autre sujet.\",\"breadcrumb\":{\"@id\":\"https:\/\/supervac.co\/fr\/nous-contacter\/#breadcrumb\"},\"inLanguage\":\"fr-CA\",\"potentialAction\":[{\"@type\":\"ReadAction\",\"target\":[\"https:\/\/supervac.co\/fr\/nous-contacter\/\"]}]},{\"@type\":\"BreadcrumbList\",\"@id\":\"https:\/\/supervac.co\/fr\/nous-contacter\/#breadcrumb\",\"itemListElement\":[{\"@type\":\"ListItem\",\"position\":1,\"name\":\"Accueil\",\"item\":\"https:\/\/supervac.co\/fr\/\"},{\"@type\":\"ListItem\",\"position\":2,\"name\":\"Nous contacter\"}]},{\"@type\":\"WebSite\",\"@id\":\"https:\/\/supervac.co\/#website\",\"url\":\"https:\/\/supervac.co\/\",\"name\":\"Supervac\",\"description\":\"\",\"potentialAction\":[{\"@type\":\"SearchAction\",\"target\":{\"@type\":\"EntryPoint\",\"urlTemplate\":\"https:\/\/supervac.co\/?s={search_term_string}\"},\"query-input\":{\"@type\":\"PropertyValueSpecification\",\"valueRequired\":true,\"valueName\":\"search_term_string\"}}],\"inLanguage\":\"fr-CA\"}]}<\/script>\n<!-- \/ Yoast SEO plugin. -->","yoast_head_json":{"title":"Nous contacter | Contacter un repr\u00e9sentant Supervac","description":"Contactez-nous par t\u00e9l\u00e9phone, courriel, fax ou Facebook pour avoir plus d\u2019information sur nos \u00e9quipements, entrer en contact avec notre d\u00e9partement de service ou tout autre sujet.","robots":{"index":"index","follow":"follow","max-snippet":"max-snippet:-1","max-image-preview":"max-image-preview:large","max-video-preview":"max-video-preview:-1"},"canonical":"https:\/\/supervac.co\/fr\/nous-contacter\/","og_locale":"fr_FR","og_type":"article","og_title":"Nous contacter | Contacter un repr\u00e9sentant Supervac","og_description":"Contactez-nous par t\u00e9l\u00e9phone, courriel, fax ou Facebook pour avoir plus d\u2019information sur nos \u00e9quipements, entrer en contact avec notre d\u00e9partement de service ou tout autre sujet.","og_url":"https:\/\/supervac.co\/fr\/nous-contacter\/","og_site_name":"Supervac","article_publisher":"https:\/\/www.facebook.com\/supervac2000\/","article_modified_time":"2026-01-13T14:11:47+00:00","twitter_card":"summary_large_image","twitter_misc":{"Est. reading time":"1 minute"},"schema":{"@context":"https:\/\/schema.org","@graph":[{"@type":"WebPage","@id":"https:\/\/supervac.co\/fr\/nous-contacter\/","url":"https:\/\/supervac.co\/fr\/nous-contacter\/","name":"Nous contacter | Contacter un repr\u00e9sentant Supervac","isPartOf":{"@id":"https:\/\/supervac.co\/#website"},"datePublished":"2017-12-12T20:20:01+00:00","dateModified":"2026-01-13T14:11:47+00:00","description":"Contactez-nous par t\u00e9l\u00e9phone, courriel, fax ou Facebook pour avoir plus d\u2019information sur nos \u00e9quipements, entrer en contact avec notre d\u00e9partement de service ou tout autre sujet.","breadcrumb":{"@id":"https:\/\/supervac.co\/fr\/nous-contacter\/#breadcrumb"},"inLanguage":"fr-CA","potentialAction":[{"@type":"ReadAction","target":["https:\/\/supervac.co\/fr\/nous-contacter\/"]}]},{"@type":"BreadcrumbList","@id":"https:\/\/supervac.co\/fr\/nous-contacter\/#breadcrumb","itemListElement":[{"@type":"ListItem","position":1,"name":"Accueil","item":"https:\/\/supervac.co\/fr\/"},{"@type":"ListItem","position":2,"name":"Nous contacter"}]},{"@type":"WebSite","@id":"https:\/\/supervac.co\/#website","url":"https:\/\/supervac.co\/","name":"Supervac","description":"","potentialAction":[{"@type":"SearchAction","target":{"@type":"EntryPoint","urlTemplate":"https:\/\/supervac.co\/?s={search_term_string}"},"query-input":{"@type":"PropertyValueSpecification","valueRequired":true,"valueName":"search_term_string"}}],"inLanguage":"fr-CA"}]}},"_links":{"self":[{"href":"https:\/\/supervac.co\/fr\/wp-json\/wp\/v2\/pages\/1974","targetHints":{"allow":["GET"]}}],"collection":[{"href":"https:\/\/supervac.co\/fr\/wp-json\/wp\/v2\/pages"}],"about":[{"href":"https:\/\/supervac.co\/fr\/wp-json\/wp\/v2\/types\/page"}],"author":[{"embeddable":true,"href":"https:\/\/supervac.co\/fr\/wp-json\/wp\/v2\/users\/7"}],"replies":[{"embeddable":true,"href":"https:\/\/supervac.co\/fr\/wp-json\/wp\/v2\/comments?post=1974"}],"version-history":[{"count":16,"href":"https:\/\/supervac.co\/fr\/wp-json\/wp\/v2\/pages\/1974\/revisions"}],"predecessor-version":[{"id":5267,"href":"https:\/\/supervac.co\/fr\/wp-json\/wp\/v2\/pages\/1974\/revisions\/5267"}],"wp:attachment":[{"href":"https:\/\/supervac.co\/fr\/wp-json\/wp\/v2\/media?parent=1974"}],"curies":[{"name":"wp","href":"https:\/\/api.w.org\/{rel}","templated":true}]}}