{"id":1979,"date":"2017-12-12T14:26:29","date_gmt":"2017-12-12T19:26:29","guid":{"rendered":"https:\/\/supervac.co\/industries\/"},"modified":"2023-06-21T10:30:37","modified_gmt":"2023-06-21T14:30:37","slug":"industries","status":"publish","type":"page","link":"https:\/\/supervac.co\/fr\/industries\/","title":{"rendered":"Industries"},"content":{"rendered":"","protected":false},"excerpt":{"rendered":"","protected":false},"author":7,"featured_media":0,"parent":0,"menu_order":0,"comment_status":"closed","ping_status":"closed","template":"","meta":{"_acf_changed":false,"footnotes":""},"class_list":["post-1979","page","type-page","status-publish","hentry"],"acf":[],"yoast_head":"<!-- This site is optimized with the Yoast SEO plugin v27.2 - https:\/\/yoast.com\/product\/yoast-seo-wordpress\/ -->\n<title>Industries et march\u00e9s pour les \u00e9quipements Supervac<\/title>\n<meta name=\"description\" content=\"Supervac d\u00e9veloppe et fabrique des produits adapt\u00e9s aux besoins des entreprises du secteur municipal, p\u00e9trolier, industriel et de la construction.\" \/>\n<meta name=\"robots\" content=\"index, follow, max-snippet:-1, max-image-preview:large, max-video-preview:-1\" \/>\n<link rel=\"canonical\" href=\"https:\/\/supervac.co\/fr\/industries\/\" \/>\n<meta property=\"og:locale\" content=\"fr_FR\" \/>\n<meta property=\"og:type\" content=\"article\" \/>\n<meta property=\"og:title\" content=\"Industries et march\u00e9s pour les \u00e9quipements Supervac\" \/>\n<meta property=\"og:description\" content=\"Supervac d\u00e9veloppe et fabrique des produits adapt\u00e9s aux besoins des entreprises du secteur municipal, p\u00e9trolier, industriel et de la construction.\" \/>\n<meta property=\"og:url\" content=\"https:\/\/supervac.co\/fr\/industries\/\" \/>\n<meta property=\"og:site_name\" content=\"Supervac\" \/>\n<meta property=\"article:publisher\" content=\"https:\/\/www.facebook.com\/supervac2000\/\" \/>\n<meta property=\"article:modified_time\" content=\"2023-06-21T14:30:37+00:00\" \/>\n<meta name=\"twitter:card\" content=\"summary_large_image\" \/>\n<script type=\"application\/ld+json\" class=\"yoast-schema-graph\">{\"@context\":\"https:\/\/schema.org\",\"@graph\":[{\"@type\":\"WebPage\",\"@id\":\"https:\/\/supervac.co\/fr\/industries\/\",\"url\":\"https:\/\/supervac.co\/fr\/industries\/\",\"name\":\"Industries et march\u00e9s pour les \u00e9quipements Supervac\",\"isPartOf\":{\"@id\":\"https:\/\/supervac.co\/#website\"},\"datePublished\":\"2017-12-12T19:26:29+00:00\",\"dateModified\":\"2023-06-21T14:30:37+00:00\",\"description\":\"Supervac d\u00e9veloppe et fabrique des produits adapt\u00e9s aux besoins des entreprises du secteur municipal, p\u00e9trolier, industriel et de la construction.\",\"breadcrumb\":{\"@id\":\"https:\/\/supervac.co\/fr\/industries\/#breadcrumb\"},\"inLanguage\":\"fr-CA\",\"potentialAction\":[{\"@type\":\"ReadAction\",\"target\":[\"https:\/\/supervac.co\/fr\/industries\/\"]}]},{\"@type\":\"BreadcrumbList\",\"@id\":\"https:\/\/supervac.co\/fr\/industries\/#breadcrumb\",\"itemListElement\":[{\"@type\":\"ListItem\",\"position\":1,\"name\":\"Accueil\",\"item\":\"https:\/\/supervac.co\/fr\/\"},{\"@type\":\"ListItem\",\"position\":2,\"name\":\"Industries\"}]},{\"@type\":\"WebSite\",\"@id\":\"https:\/\/supervac.co\/#website\",\"url\":\"https:\/\/supervac.co\/\",\"name\":\"Supervac\",\"description\":\"\",\"potentialAction\":[{\"@type\":\"SearchAction\",\"target\":{\"@type\":\"EntryPoint\",\"urlTemplate\":\"https:\/\/supervac.co\/?s={search_term_string}\"},\"query-input\":{\"@type\":\"PropertyValueSpecification\",\"valueRequired\":true,\"valueName\":\"search_term_string\"}}],\"inLanguage\":\"fr-CA\"}]}<\/script>\n<!-- \/ Yoast SEO plugin. -->","yoast_head_json":{"title":"Industries et march\u00e9s pour les \u00e9quipements Supervac","description":"Supervac d\u00e9veloppe et fabrique des produits adapt\u00e9s aux besoins des entreprises du secteur municipal, p\u00e9trolier, industriel et de la construction.","robots":{"index":"index","follow":"follow","max-snippet":"max-snippet:-1","max-image-preview":"max-image-preview:large","max-video-preview":"max-video-preview:-1"},"canonical":"https:\/\/supervac.co\/fr\/industries\/","og_locale":"fr_FR","og_type":"article","og_title":"Industries et march\u00e9s pour les \u00e9quipements Supervac","og_description":"Supervac d\u00e9veloppe et fabrique des produits adapt\u00e9s aux besoins des entreprises du secteur municipal, p\u00e9trolier, industriel et de la construction.","og_url":"https:\/\/supervac.co\/fr\/industries\/","og_site_name":"Supervac","article_publisher":"https:\/\/www.facebook.com\/supervac2000\/","article_modified_time":"2023-06-21T14:30:37+00:00","twitter_card":"summary_large_image","schema":{"@context":"https:\/\/schema.org","@graph":[{"@type":"WebPage","@id":"https:\/\/supervac.co\/fr\/industries\/","url":"https:\/\/supervac.co\/fr\/industries\/","name":"Industries et march\u00e9s pour les \u00e9quipements Supervac","isPartOf":{"@id":"https:\/\/supervac.co\/#website"},"datePublished":"2017-12-12T19:26:29+00:00","dateModified":"2023-06-21T14:30:37+00:00","description":"Supervac d\u00e9veloppe et fabrique des produits adapt\u00e9s aux besoins des entreprises du secteur municipal, p\u00e9trolier, industriel et de la construction.","breadcrumb":{"@id":"https:\/\/supervac.co\/fr\/industries\/#breadcrumb"},"inLanguage":"fr-CA","potentialAction":[{"@type":"ReadAction","target":["https:\/\/supervac.co\/fr\/industries\/"]}]},{"@type":"BreadcrumbList","@id":"https:\/\/supervac.co\/fr\/industries\/#breadcrumb","itemListElement":[{"@type":"ListItem","position":1,"name":"Accueil","item":"https:\/\/supervac.co\/fr\/"},{"@type":"ListItem","position":2,"name":"Industries"}]},{"@type":"WebSite","@id":"https:\/\/supervac.co\/#website","url":"https:\/\/supervac.co\/","name":"Supervac","description":"","potentialAction":[{"@type":"SearchAction","target":{"@type":"EntryPoint","urlTemplate":"https:\/\/supervac.co\/?s={search_term_string}"},"query-input":{"@type":"PropertyValueSpecification","valueRequired":true,"valueName":"search_term_string"}}],"inLanguage":"fr-CA"}]}},"_links":{"self":[{"href":"https:\/\/supervac.co\/fr\/wp-json\/wp\/v2\/pages\/1979","targetHints":{"allow":["GET"]}}],"collection":[{"href":"https:\/\/supervac.co\/fr\/wp-json\/wp\/v2\/pages"}],"about":[{"href":"https:\/\/supervac.co\/fr\/wp-json\/wp\/v2\/types\/page"}],"author":[{"embeddable":true,"href":"https:\/\/supervac.co\/fr\/wp-json\/wp\/v2\/users\/7"}],"replies":[{"embeddable":true,"href":"https:\/\/supervac.co\/fr\/wp-json\/wp\/v2\/comments?post=1979"}],"version-history":[{"count":5,"href":"https:\/\/supervac.co\/fr\/wp-json\/wp\/v2\/pages\/1979\/revisions"}],"predecessor-version":[{"id":4571,"href":"https:\/\/supervac.co\/fr\/wp-json\/wp\/v2\/pages\/1979\/revisions\/4571"}],"wp:attachment":[{"href":"https:\/\/supervac.co\/fr\/wp-json\/wp\/v2\/media?parent=1979"}],"curies":[{"name":"wp","href":"https:\/\/api.w.org\/{rel}","templated":true}]}}