{"id":1986,"date":"2017-12-12T15:15:46","date_gmt":"2017-12-12T20:15:46","guid":{"rendered":"https:\/\/supervac.co\/services\/"},"modified":"2020-02-03T10:51:39","modified_gmt":"2020-02-03T15:51:39","slug":"services","status":"publish","type":"page","link":"https:\/\/supervac.co\/fr\/services\/","title":{"rendered":"Services"},"content":{"rendered":"","protected":false},"excerpt":{"rendered":"","protected":false},"author":1,"featured_media":0,"parent":0,"menu_order":100,"comment_status":"closed","ping_status":"closed","template":"","meta":{"_acf_changed":false,"footnotes":""},"class_list":["post-1986","page","type-page","status-publish","hentry"],"acf":[],"yoast_head":"<!-- This site is optimized with the Yoast SEO plugin v27.2 - https:\/\/yoast.com\/product\/yoast-seo-wordpress\/ -->\n<title>Service apr\u00e8s-vente, test, inspection, d\u00e9pannage et autres | Supervac<\/title>\n<meta name=\"description\" content=\"Dans cette section, vous pourrez trouver plus d\u2019information sur les pi\u00e8ces de remplacement Supervac. les sp\u00e9cifications techniques de nos \u00e9quipements, une section d\u00e9pannage pour les probl\u00e8mes les plus fr\u00e9quents, ainsi que toutes les informations sur votre garantie.\" \/>\n<meta name=\"robots\" content=\"index, follow, max-snippet:-1, max-image-preview:large, max-video-preview:-1\" \/>\n<link rel=\"canonical\" href=\"https:\/\/supervac.co\/fr\/services\/\" \/>\n<meta property=\"og:locale\" content=\"fr_FR\" \/>\n<meta property=\"og:type\" content=\"article\" \/>\n<meta property=\"og:title\" content=\"Service apr\u00e8s-vente, test, inspection, d\u00e9pannage et autres | Supervac\" \/>\n<meta property=\"og:description\" content=\"Dans cette section, vous pourrez trouver plus d\u2019information sur les pi\u00e8ces de remplacement Supervac. les sp\u00e9cifications techniques de nos \u00e9quipements, une section d\u00e9pannage pour les probl\u00e8mes les plus fr\u00e9quents, ainsi que toutes les informations sur votre garantie.\" \/>\n<meta property=\"og:url\" content=\"https:\/\/supervac.co\/fr\/services\/\" \/>\n<meta property=\"og:site_name\" content=\"Supervac\" \/>\n<meta property=\"article:publisher\" content=\"https:\/\/www.facebook.com\/supervac2000\/\" \/>\n<meta property=\"article:modified_time\" content=\"2020-02-03T15:51:39+00:00\" \/>\n<meta name=\"twitter:card\" content=\"summary_large_image\" \/>\n<script type=\"application\/ld+json\" class=\"yoast-schema-graph\">{\"@context\":\"https:\/\/schema.org\",\"@graph\":[{\"@type\":\"WebPage\",\"@id\":\"https:\/\/supervac.co\/fr\/services\/\",\"url\":\"https:\/\/supervac.co\/fr\/services\/\",\"name\":\"Service apr\u00e8s-vente, test, inspection, d\u00e9pannage et autres | Supervac\",\"isPartOf\":{\"@id\":\"https:\/\/supervac.co\/#website\"},\"datePublished\":\"2017-12-12T20:15:46+00:00\",\"dateModified\":\"2020-02-03T15:51:39+00:00\",\"description\":\"Dans cette section, vous pourrez trouver plus d\u2019information sur les pi\u00e8ces de remplacement Supervac. les sp\u00e9cifications techniques de nos \u00e9quipements, une section d\u00e9pannage pour les probl\u00e8mes les plus fr\u00e9quents, ainsi que toutes les informations sur votre garantie.\",\"breadcrumb\":{\"@id\":\"https:\/\/supervac.co\/fr\/services\/#breadcrumb\"},\"inLanguage\":\"fr-CA\",\"potentialAction\":[{\"@type\":\"ReadAction\",\"target\":[\"https:\/\/supervac.co\/fr\/services\/\"]}]},{\"@type\":\"BreadcrumbList\",\"@id\":\"https:\/\/supervac.co\/fr\/services\/#breadcrumb\",\"itemListElement\":[{\"@type\":\"ListItem\",\"position\":1,\"name\":\"Accueil\",\"item\":\"https:\/\/supervac.co\/fr\/\"},{\"@type\":\"ListItem\",\"position\":2,\"name\":\"Services\"}]},{\"@type\":\"WebSite\",\"@id\":\"https:\/\/supervac.co\/#website\",\"url\":\"https:\/\/supervac.co\/\",\"name\":\"Supervac\",\"description\":\"\",\"potentialAction\":[{\"@type\":\"SearchAction\",\"target\":{\"@type\":\"EntryPoint\",\"urlTemplate\":\"https:\/\/supervac.co\/?s={search_term_string}\"},\"query-input\":{\"@type\":\"PropertyValueSpecification\",\"valueRequired\":true,\"valueName\":\"search_term_string\"}}],\"inLanguage\":\"fr-CA\"}]}<\/script>\n<!-- \/ Yoast SEO plugin. -->","yoast_head_json":{"title":"Service apr\u00e8s-vente, test, inspection, d\u00e9pannage et autres | Supervac","description":"Dans cette section, vous pourrez trouver plus d\u2019information sur les pi\u00e8ces de remplacement Supervac. les sp\u00e9cifications techniques de nos \u00e9quipements, une section d\u00e9pannage pour les probl\u00e8mes les plus fr\u00e9quents, ainsi que toutes les informations sur votre garantie.","robots":{"index":"index","follow":"follow","max-snippet":"max-snippet:-1","max-image-preview":"max-image-preview:large","max-video-preview":"max-video-preview:-1"},"canonical":"https:\/\/supervac.co\/fr\/services\/","og_locale":"fr_FR","og_type":"article","og_title":"Service apr\u00e8s-vente, test, inspection, d\u00e9pannage et autres | Supervac","og_description":"Dans cette section, vous pourrez trouver plus d\u2019information sur les pi\u00e8ces de remplacement Supervac. les sp\u00e9cifications techniques de nos \u00e9quipements, une section d\u00e9pannage pour les probl\u00e8mes les plus fr\u00e9quents, ainsi que toutes les informations sur votre garantie.","og_url":"https:\/\/supervac.co\/fr\/services\/","og_site_name":"Supervac","article_publisher":"https:\/\/www.facebook.com\/supervac2000\/","article_modified_time":"2020-02-03T15:51:39+00:00","twitter_card":"summary_large_image","schema":{"@context":"https:\/\/schema.org","@graph":[{"@type":"WebPage","@id":"https:\/\/supervac.co\/fr\/services\/","url":"https:\/\/supervac.co\/fr\/services\/","name":"Service apr\u00e8s-vente, test, inspection, d\u00e9pannage et autres | Supervac","isPartOf":{"@id":"https:\/\/supervac.co\/#website"},"datePublished":"2017-12-12T20:15:46+00:00","dateModified":"2020-02-03T15:51:39+00:00","description":"Dans cette section, vous pourrez trouver plus d\u2019information sur les pi\u00e8ces de remplacement Supervac. les sp\u00e9cifications techniques de nos \u00e9quipements, une section d\u00e9pannage pour les probl\u00e8mes les plus fr\u00e9quents, ainsi que toutes les informations sur votre garantie.","breadcrumb":{"@id":"https:\/\/supervac.co\/fr\/services\/#breadcrumb"},"inLanguage":"fr-CA","potentialAction":[{"@type":"ReadAction","target":["https:\/\/supervac.co\/fr\/services\/"]}]},{"@type":"BreadcrumbList","@id":"https:\/\/supervac.co\/fr\/services\/#breadcrumb","itemListElement":[{"@type":"ListItem","position":1,"name":"Accueil","item":"https:\/\/supervac.co\/fr\/"},{"@type":"ListItem","position":2,"name":"Services"}]},{"@type":"WebSite","@id":"https:\/\/supervac.co\/#website","url":"https:\/\/supervac.co\/","name":"Supervac","description":"","potentialAction":[{"@type":"SearchAction","target":{"@type":"EntryPoint","urlTemplate":"https:\/\/supervac.co\/?s={search_term_string}"},"query-input":{"@type":"PropertyValueSpecification","valueRequired":true,"valueName":"search_term_string"}}],"inLanguage":"fr-CA"}]}},"_links":{"self":[{"href":"https:\/\/supervac.co\/fr\/wp-json\/wp\/v2\/pages\/1986","targetHints":{"allow":["GET"]}}],"collection":[{"href":"https:\/\/supervac.co\/fr\/wp-json\/wp\/v2\/pages"}],"about":[{"href":"https:\/\/supervac.co\/fr\/wp-json\/wp\/v2\/types\/page"}],"author":[{"embeddable":true,"href":"https:\/\/supervac.co\/fr\/wp-json\/wp\/v2\/users\/1"}],"replies":[{"embeddable":true,"href":"https:\/\/supervac.co\/fr\/wp-json\/wp\/v2\/comments?post=1986"}],"version-history":[{"count":4,"href":"https:\/\/supervac.co\/fr\/wp-json\/wp\/v2\/pages\/1986\/revisions"}],"predecessor-version":[{"id":4087,"href":"https:\/\/supervac.co\/fr\/wp-json\/wp\/v2\/pages\/1986\/revisions\/4087"}],"wp:attachment":[{"href":"https:\/\/supervac.co\/fr\/wp-json\/wp\/v2\/media?parent=1986"}],"curies":[{"name":"wp","href":"https:\/\/api.w.org\/{rel}","templated":true}]}}