{"id":2024,"date":"2017-12-12T14:28:13","date_gmt":"2017-12-12T19:28:13","guid":{"rendered":"https:\/\/supervac.co\/industries\/construction\/"},"modified":"2025-01-28T12:08:47","modified_gmt":"2025-01-28T17:08:47","slug":"construction","status":"publish","type":"page","link":"https:\/\/supervac.co\/fr\/industries\/construction\/","title":{"rendered":"Construction"},"content":{"rendered":"","protected":false},"excerpt":{"rendered":"","protected":false},"author":7,"featured_media":0,"parent":1979,"menu_order":0,"comment_status":"closed","ping_status":"closed","template":"","meta":{"_acf_changed":false,"footnotes":""},"class_list":["post-2024","page","type-page","status-publish","hentry"],"acf":[],"yoast_head":"<!-- This site is optimized with the Yoast SEO plugin v27.2 - https:\/\/yoast.com\/product\/yoast-seo-wordpress\/ -->\n<title>Construction, excavation &amp; creusage avec air\/hydro-excavatrices Supervac<\/title>\n<meta name=\"description\" content=\"Dans l\u2019industrie de la construction, nos hydro et air-excavatrices sont utilis\u00e9es pour aspirer des mat\u00e9riaux de toutes sortes ou pour creuser de fa\u00e7on s\u00e9curitaire.\" \/>\n<meta name=\"robots\" content=\"index, follow, max-snippet:-1, max-image-preview:large, max-video-preview:-1\" \/>\n<link rel=\"canonical\" href=\"https:\/\/supervac.co\/fr\/industries\/construction\/\" \/>\n<meta property=\"og:locale\" content=\"fr_FR\" \/>\n<meta property=\"og:type\" content=\"article\" \/>\n<meta property=\"og:title\" content=\"Construction, excavation &amp; creusage avec air\/hydro-excavatrices Supervac\" \/>\n<meta property=\"og:description\" content=\"Dans l\u2019industrie de la construction, nos hydro et air-excavatrices sont utilis\u00e9es pour aspirer des mat\u00e9riaux de toutes sortes ou pour creuser de fa\u00e7on s\u00e9curitaire.\" \/>\n<meta property=\"og:url\" content=\"https:\/\/supervac.co\/fr\/industries\/construction\/\" \/>\n<meta property=\"og:site_name\" content=\"Supervac\" \/>\n<meta property=\"article:publisher\" content=\"https:\/\/www.facebook.com\/supervac2000\/\" \/>\n<meta property=\"article:modified_time\" content=\"2025-01-28T17:08:47+00:00\" \/>\n<meta name=\"twitter:card\" content=\"summary_large_image\" \/>\n<meta name=\"twitter:label1\" content=\"Est. reading time\" \/>\n\t<meta name=\"twitter:data1\" content=\"3 minutes\" \/>\n<script type=\"application\/ld+json\" class=\"yoast-schema-graph\">{\"@context\":\"https:\/\/schema.org\",\"@graph\":[{\"@type\":\"WebPage\",\"@id\":\"https:\/\/supervac.co\/fr\/industries\/construction\/\",\"url\":\"https:\/\/supervac.co\/fr\/industries\/construction\/\",\"name\":\"Construction, excavation & creusage avec air\/hydro-excavatrices Supervac\",\"isPartOf\":{\"@id\":\"https:\/\/supervac.co\/#website\"},\"datePublished\":\"2017-12-12T19:28:13+00:00\",\"dateModified\":\"2025-01-28T17:08:47+00:00\",\"description\":\"Dans l\u2019industrie de la construction, nos hydro et air-excavatrices sont utilis\u00e9es pour aspirer des mat\u00e9riaux de toutes sortes ou pour creuser de fa\u00e7on s\u00e9curitaire.\",\"breadcrumb\":{\"@id\":\"https:\/\/supervac.co\/fr\/industries\/construction\/#breadcrumb\"},\"inLanguage\":\"fr-CA\",\"potentialAction\":[{\"@type\":\"ReadAction\",\"target\":[\"https:\/\/supervac.co\/fr\/industries\/construction\/\"]}]},{\"@type\":\"BreadcrumbList\",\"@id\":\"https:\/\/supervac.co\/fr\/industries\/construction\/#breadcrumb\",\"itemListElement\":[{\"@type\":\"ListItem\",\"position\":1,\"name\":\"Accueil\",\"item\":\"https:\/\/supervac.co\/fr\/\"},{\"@type\":\"ListItem\",\"position\":2,\"name\":\"Industries\",\"item\":\"https:\/\/supervac.co\/fr\/industries\/\"},{\"@type\":\"ListItem\",\"position\":3,\"name\":\"Construction\"}]},{\"@type\":\"WebSite\",\"@id\":\"https:\/\/supervac.co\/#website\",\"url\":\"https:\/\/supervac.co\/\",\"name\":\"Supervac\",\"description\":\"\",\"potentialAction\":[{\"@type\":\"SearchAction\",\"target\":{\"@type\":\"EntryPoint\",\"urlTemplate\":\"https:\/\/supervac.co\/?s={search_term_string}\"},\"query-input\":{\"@type\":\"PropertyValueSpecification\",\"valueRequired\":true,\"valueName\":\"search_term_string\"}}],\"inLanguage\":\"fr-CA\"}]}<\/script>\n<!-- \/ Yoast SEO plugin. -->","yoast_head_json":{"title":"Construction, excavation & creusage avec air\/hydro-excavatrices Supervac","description":"Dans l\u2019industrie de la construction, nos hydro et air-excavatrices sont utilis\u00e9es pour aspirer des mat\u00e9riaux de toutes sortes ou pour creuser de fa\u00e7on s\u00e9curitaire.","robots":{"index":"index","follow":"follow","max-snippet":"max-snippet:-1","max-image-preview":"max-image-preview:large","max-video-preview":"max-video-preview:-1"},"canonical":"https:\/\/supervac.co\/fr\/industries\/construction\/","og_locale":"fr_FR","og_type":"article","og_title":"Construction, excavation & creusage avec air\/hydro-excavatrices Supervac","og_description":"Dans l\u2019industrie de la construction, nos hydro et air-excavatrices sont utilis\u00e9es pour aspirer des mat\u00e9riaux de toutes sortes ou pour creuser de fa\u00e7on s\u00e9curitaire.","og_url":"https:\/\/supervac.co\/fr\/industries\/construction\/","og_site_name":"Supervac","article_publisher":"https:\/\/www.facebook.com\/supervac2000\/","article_modified_time":"2025-01-28T17:08:47+00:00","twitter_card":"summary_large_image","twitter_misc":{"Est. reading time":"3 minutes"},"schema":{"@context":"https:\/\/schema.org","@graph":[{"@type":"WebPage","@id":"https:\/\/supervac.co\/fr\/industries\/construction\/","url":"https:\/\/supervac.co\/fr\/industries\/construction\/","name":"Construction, excavation & creusage avec air\/hydro-excavatrices Supervac","isPartOf":{"@id":"https:\/\/supervac.co\/#website"},"datePublished":"2017-12-12T19:28:13+00:00","dateModified":"2025-01-28T17:08:47+00:00","description":"Dans l\u2019industrie de la construction, nos hydro et air-excavatrices sont utilis\u00e9es pour aspirer des mat\u00e9riaux de toutes sortes ou pour creuser de fa\u00e7on s\u00e9curitaire.","breadcrumb":{"@id":"https:\/\/supervac.co\/fr\/industries\/construction\/#breadcrumb"},"inLanguage":"fr-CA","potentialAction":[{"@type":"ReadAction","target":["https:\/\/supervac.co\/fr\/industries\/construction\/"]}]},{"@type":"BreadcrumbList","@id":"https:\/\/supervac.co\/fr\/industries\/construction\/#breadcrumb","itemListElement":[{"@type":"ListItem","position":1,"name":"Accueil","item":"https:\/\/supervac.co\/fr\/"},{"@type":"ListItem","position":2,"name":"Industries","item":"https:\/\/supervac.co\/fr\/industries\/"},{"@type":"ListItem","position":3,"name":"Construction"}]},{"@type":"WebSite","@id":"https:\/\/supervac.co\/#website","url":"https:\/\/supervac.co\/","name":"Supervac","description":"","potentialAction":[{"@type":"SearchAction","target":{"@type":"EntryPoint","urlTemplate":"https:\/\/supervac.co\/?s={search_term_string}"},"query-input":{"@type":"PropertyValueSpecification","valueRequired":true,"valueName":"search_term_string"}}],"inLanguage":"fr-CA"}]}},"_links":{"self":[{"href":"https:\/\/supervac.co\/fr\/wp-json\/wp\/v2\/pages\/2024","targetHints":{"allow":["GET"]}}],"collection":[{"href":"https:\/\/supervac.co\/fr\/wp-json\/wp\/v2\/pages"}],"about":[{"href":"https:\/\/supervac.co\/fr\/wp-json\/wp\/v2\/types\/page"}],"author":[{"embeddable":true,"href":"https:\/\/supervac.co\/fr\/wp-json\/wp\/v2\/users\/7"}],"replies":[{"embeddable":true,"href":"https:\/\/supervac.co\/fr\/wp-json\/wp\/v2\/comments?post=2024"}],"version-history":[{"count":11,"href":"https:\/\/supervac.co\/fr\/wp-json\/wp\/v2\/pages\/2024\/revisions"}],"predecessor-version":[{"id":5019,"href":"https:\/\/supervac.co\/fr\/wp-json\/wp\/v2\/pages\/2024\/revisions\/5019"}],"up":[{"embeddable":true,"href":"https:\/\/supervac.co\/fr\/wp-json\/wp\/v2\/pages\/1979"}],"wp:attachment":[{"href":"https:\/\/supervac.co\/fr\/wp-json\/wp\/v2\/media?parent=2024"}],"curies":[{"name":"wp","href":"https:\/\/api.w.org\/{rel}","templated":true}]}}