{"id":2025,"date":"2017-12-12T14:29:06","date_gmt":"2017-12-12T19:29:06","guid":{"rendered":"https:\/\/supervac.co\/industries\/industrial\/"},"modified":"2023-06-21T09:28:59","modified_gmt":"2023-06-21T13:28:59","slug":"industriel","status":"publish","type":"page","link":"https:\/\/supervac.co\/fr\/industries\/industriel\/","title":{"rendered":"Industriel"},"content":{"rendered":"","protected":false},"excerpt":{"rendered":"","protected":false},"author":7,"featured_media":0,"parent":1979,"menu_order":0,"comment_status":"closed","ping_status":"closed","template":"","meta":{"_acf_changed":false,"footnotes":""},"class_list":["post-2025","page","type-page","status-publish","hentry"],"acf":[],"yoast_head":"<!-- This site is optimized with the Yoast SEO plugin v27.2 - https:\/\/yoast.com\/product\/yoast-seo-wordpress\/ -->\n<title>Camion vacuum industriel - Manufacturier d&#039;hydro-excavatrice industrielle<\/title>\n<meta name=\"description\" content=\"Less camions vacuum et hydro-excavatrices Supervac sont utilis\u00e9s dans de nombreux secteurs industriels pour nettoyer et r\u00e9cup\u00e9rer tout type de r\u00e9sidus liquides ou solides.\" \/>\n<meta name=\"robots\" content=\"index, follow, max-snippet:-1, max-image-preview:large, max-video-preview:-1\" \/>\n<link rel=\"canonical\" href=\"https:\/\/supervac.co\/fr\/industries\/industriel\/\" \/>\n<meta property=\"og:locale\" content=\"fr_FR\" \/>\n<meta property=\"og:type\" content=\"article\" \/>\n<meta property=\"og:title\" content=\"Camion vacuum industriel - Manufacturier d&#039;hydro-excavatrice industrielle\" \/>\n<meta property=\"og:description\" content=\"Less camions vacuum et hydro-excavatrices Supervac sont utilis\u00e9s dans de nombreux secteurs industriels pour nettoyer et r\u00e9cup\u00e9rer tout type de r\u00e9sidus liquides ou solides.\" \/>\n<meta property=\"og:url\" content=\"https:\/\/supervac.co\/fr\/industries\/industriel\/\" \/>\n<meta property=\"og:site_name\" content=\"Supervac\" \/>\n<meta property=\"article:publisher\" content=\"https:\/\/www.facebook.com\/supervac2000\/\" \/>\n<meta property=\"article:modified_time\" content=\"2023-06-21T13:28:59+00:00\" \/>\n<meta name=\"twitter:card\" content=\"summary_large_image\" \/>\n<script type=\"application\/ld+json\" class=\"yoast-schema-graph\">{\"@context\":\"https:\/\/schema.org\",\"@graph\":[{\"@type\":\"WebPage\",\"@id\":\"https:\/\/supervac.co\/fr\/industries\/industriel\/\",\"url\":\"https:\/\/supervac.co\/fr\/industries\/industriel\/\",\"name\":\"Camion vacuum industriel - Manufacturier d'hydro-excavatrice industrielle\",\"isPartOf\":{\"@id\":\"https:\/\/supervac.co\/#website\"},\"datePublished\":\"2017-12-12T19:29:06+00:00\",\"dateModified\":\"2023-06-21T13:28:59+00:00\",\"description\":\"Less camions vacuum et hydro-excavatrices Supervac sont utilis\u00e9s dans de nombreux secteurs industriels pour nettoyer et r\u00e9cup\u00e9rer tout type de r\u00e9sidus liquides ou solides.\",\"breadcrumb\":{\"@id\":\"https:\/\/supervac.co\/fr\/industries\/industriel\/#breadcrumb\"},\"inLanguage\":\"fr-CA\",\"potentialAction\":[{\"@type\":\"ReadAction\",\"target\":[\"https:\/\/supervac.co\/fr\/industries\/industriel\/\"]}]},{\"@type\":\"BreadcrumbList\",\"@id\":\"https:\/\/supervac.co\/fr\/industries\/industriel\/#breadcrumb\",\"itemListElement\":[{\"@type\":\"ListItem\",\"position\":1,\"name\":\"Accueil\",\"item\":\"https:\/\/supervac.co\/fr\/\"},{\"@type\":\"ListItem\",\"position\":2,\"name\":\"Industries\",\"item\":\"https:\/\/supervac.co\/fr\/industries\/\"},{\"@type\":\"ListItem\",\"position\":3,\"name\":\"Industriel\"}]},{\"@type\":\"WebSite\",\"@id\":\"https:\/\/supervac.co\/#website\",\"url\":\"https:\/\/supervac.co\/\",\"name\":\"Supervac\",\"description\":\"\",\"potentialAction\":[{\"@type\":\"SearchAction\",\"target\":{\"@type\":\"EntryPoint\",\"urlTemplate\":\"https:\/\/supervac.co\/?s={search_term_string}\"},\"query-input\":{\"@type\":\"PropertyValueSpecification\",\"valueRequired\":true,\"valueName\":\"search_term_string\"}}],\"inLanguage\":\"fr-CA\"}]}<\/script>\n<!-- \/ Yoast SEO plugin. -->","yoast_head_json":{"title":"Camion vacuum industriel - Manufacturier d'hydro-excavatrice industrielle","description":"Less camions vacuum et hydro-excavatrices Supervac sont utilis\u00e9s dans de nombreux secteurs industriels pour nettoyer et r\u00e9cup\u00e9rer tout type de r\u00e9sidus liquides ou solides.","robots":{"index":"index","follow":"follow","max-snippet":"max-snippet:-1","max-image-preview":"max-image-preview:large","max-video-preview":"max-video-preview:-1"},"canonical":"https:\/\/supervac.co\/fr\/industries\/industriel\/","og_locale":"fr_FR","og_type":"article","og_title":"Camion vacuum industriel - Manufacturier d'hydro-excavatrice industrielle","og_description":"Less camions vacuum et hydro-excavatrices Supervac sont utilis\u00e9s dans de nombreux secteurs industriels pour nettoyer et r\u00e9cup\u00e9rer tout type de r\u00e9sidus liquides ou solides.","og_url":"https:\/\/supervac.co\/fr\/industries\/industriel\/","og_site_name":"Supervac","article_publisher":"https:\/\/www.facebook.com\/supervac2000\/","article_modified_time":"2023-06-21T13:28:59+00:00","twitter_card":"summary_large_image","schema":{"@context":"https:\/\/schema.org","@graph":[{"@type":"WebPage","@id":"https:\/\/supervac.co\/fr\/industries\/industriel\/","url":"https:\/\/supervac.co\/fr\/industries\/industriel\/","name":"Camion vacuum industriel - Manufacturier d'hydro-excavatrice industrielle","isPartOf":{"@id":"https:\/\/supervac.co\/#website"},"datePublished":"2017-12-12T19:29:06+00:00","dateModified":"2023-06-21T13:28:59+00:00","description":"Less camions vacuum et hydro-excavatrices Supervac sont utilis\u00e9s dans de nombreux secteurs industriels pour nettoyer et r\u00e9cup\u00e9rer tout type de r\u00e9sidus liquides ou solides.","breadcrumb":{"@id":"https:\/\/supervac.co\/fr\/industries\/industriel\/#breadcrumb"},"inLanguage":"fr-CA","potentialAction":[{"@type":"ReadAction","target":["https:\/\/supervac.co\/fr\/industries\/industriel\/"]}]},{"@type":"BreadcrumbList","@id":"https:\/\/supervac.co\/fr\/industries\/industriel\/#breadcrumb","itemListElement":[{"@type":"ListItem","position":1,"name":"Accueil","item":"https:\/\/supervac.co\/fr\/"},{"@type":"ListItem","position":2,"name":"Industries","item":"https:\/\/supervac.co\/fr\/industries\/"},{"@type":"ListItem","position":3,"name":"Industriel"}]},{"@type":"WebSite","@id":"https:\/\/supervac.co\/#website","url":"https:\/\/supervac.co\/","name":"Supervac","description":"","potentialAction":[{"@type":"SearchAction","target":{"@type":"EntryPoint","urlTemplate":"https:\/\/supervac.co\/?s={search_term_string}"},"query-input":{"@type":"PropertyValueSpecification","valueRequired":true,"valueName":"search_term_string"}}],"inLanguage":"fr-CA"}]}},"_links":{"self":[{"href":"https:\/\/supervac.co\/fr\/wp-json\/wp\/v2\/pages\/2025","targetHints":{"allow":["GET"]}}],"collection":[{"href":"https:\/\/supervac.co\/fr\/wp-json\/wp\/v2\/pages"}],"about":[{"href":"https:\/\/supervac.co\/fr\/wp-json\/wp\/v2\/types\/page"}],"author":[{"embeddable":true,"href":"https:\/\/supervac.co\/fr\/wp-json\/wp\/v2\/users\/7"}],"replies":[{"embeddable":true,"href":"https:\/\/supervac.co\/fr\/wp-json\/wp\/v2\/comments?post=2025"}],"version-history":[{"count":8,"href":"https:\/\/supervac.co\/fr\/wp-json\/wp\/v2\/pages\/2025\/revisions"}],"predecessor-version":[{"id":4566,"href":"https:\/\/supervac.co\/fr\/wp-json\/wp\/v2\/pages\/2025\/revisions\/4566"}],"up":[{"embeddable":true,"href":"https:\/\/supervac.co\/fr\/wp-json\/wp\/v2\/pages\/1979"}],"wp:attachment":[{"href":"https:\/\/supervac.co\/fr\/wp-json\/wp\/v2\/media?parent=2025"}],"curies":[{"name":"wp","href":"https:\/\/api.w.org\/{rel}","templated":true}]}}