{"id":2026,"date":"2017-12-12T14:29:49","date_gmt":"2017-12-12T19:29:49","guid":{"rendered":"https:\/\/supervac.co\/industries\/mining\/"},"modified":"2025-12-09T16:04:37","modified_gmt":"2025-12-09T21:04:37","slug":"minier","status":"publish","type":"page","link":"https:\/\/supervac.co\/fr\/industries\/minier\/","title":{"rendered":"Minier"},"content":{"rendered":"","protected":false},"excerpt":{"rendered":"","protected":false},"author":7,"featured_media":0,"parent":1979,"menu_order":0,"comment_status":"closed","ping_status":"closed","template":"","meta":{"_acf_changed":false,"footnotes":""},"class_list":["post-2026","page","type-page","status-publish","hentry"],"acf":[],"yoast_head":"<!-- This site is optimized with the Yoast SEO plugin v27.2 - https:\/\/yoast.com\/product\/yoast-seo-wordpress\/ -->\n<title>Camions vacuum pour l\u2019industrie mini\u00e8re | Supervac<\/title>\n<meta name=\"description\" content=\"D\u00e9couvrez nos unit\u00e9s vacuum industrielles et hydro-excavatrices con\u00e7ues pour les environnements miniers extr\u00eames. Performance et conformit\u00e9 aux normes DOT\/TC.\" \/>\n<meta name=\"robots\" content=\"index, follow, max-snippet:-1, max-image-preview:large, max-video-preview:-1\" \/>\n<link rel=\"canonical\" href=\"https:\/\/supervac.co\/fr\/industries\/minier\/\" \/>\n<meta property=\"og:locale\" content=\"fr_FR\" \/>\n<meta property=\"og:type\" content=\"article\" \/>\n<meta property=\"og:title\" content=\"Camions vacuum pour l\u2019industrie mini\u00e8re | Supervac\" \/>\n<meta property=\"og:description\" content=\"D\u00e9couvrez nos unit\u00e9s vacuum industrielles et hydro-excavatrices con\u00e7ues pour les environnements miniers extr\u00eames. Performance et conformit\u00e9 aux normes DOT\/TC.\" \/>\n<meta property=\"og:url\" content=\"https:\/\/supervac.co\/fr\/industries\/minier\/\" \/>\n<meta property=\"og:site_name\" content=\"Supervac\" \/>\n<meta property=\"article:publisher\" content=\"https:\/\/www.facebook.com\/supervac2000\/\" \/>\n<meta property=\"article:modified_time\" content=\"2025-12-09T21:04:37+00:00\" \/>\n<meta name=\"twitter:card\" content=\"summary_large_image\" \/>\n<meta name=\"twitter:label1\" content=\"Est. reading time\" \/>\n\t<meta name=\"twitter:data1\" content=\"3 minutes\" \/>\n<script type=\"application\/ld+json\" class=\"yoast-schema-graph\">{\"@context\":\"https:\/\/schema.org\",\"@graph\":[{\"@type\":\"WebPage\",\"@id\":\"https:\/\/supervac.co\/fr\/industries\/minier\/\",\"url\":\"https:\/\/supervac.co\/fr\/industries\/minier\/\",\"name\":\"Camions vacuum pour l\u2019industrie mini\u00e8re | Supervac\",\"isPartOf\":{\"@id\":\"https:\/\/supervac.co\/#website\"},\"datePublished\":\"2017-12-12T19:29:49+00:00\",\"dateModified\":\"2025-12-09T21:04:37+00:00\",\"description\":\"D\u00e9couvrez nos unit\u00e9s vacuum industrielles et hydro-excavatrices con\u00e7ues pour les environnements miniers extr\u00eames. Performance et conformit\u00e9 aux normes DOT\/TC.\",\"breadcrumb\":{\"@id\":\"https:\/\/supervac.co\/fr\/industries\/minier\/#breadcrumb\"},\"inLanguage\":\"fr-CA\",\"potentialAction\":[{\"@type\":\"ReadAction\",\"target\":[\"https:\/\/supervac.co\/fr\/industries\/minier\/\"]}]},{\"@type\":\"BreadcrumbList\",\"@id\":\"https:\/\/supervac.co\/fr\/industries\/minier\/#breadcrumb\",\"itemListElement\":[{\"@type\":\"ListItem\",\"position\":1,\"name\":\"Accueil\",\"item\":\"https:\/\/supervac.co\/fr\/\"},{\"@type\":\"ListItem\",\"position\":2,\"name\":\"Industries\",\"item\":\"https:\/\/supervac.co\/fr\/industries\/\"},{\"@type\":\"ListItem\",\"position\":3,\"name\":\"Minier\"}]},{\"@type\":\"WebSite\",\"@id\":\"https:\/\/supervac.co\/#website\",\"url\":\"https:\/\/supervac.co\/\",\"name\":\"Supervac\",\"description\":\"\",\"potentialAction\":[{\"@type\":\"SearchAction\",\"target\":{\"@type\":\"EntryPoint\",\"urlTemplate\":\"https:\/\/supervac.co\/?s={search_term_string}\"},\"query-input\":{\"@type\":\"PropertyValueSpecification\",\"valueRequired\":true,\"valueName\":\"search_term_string\"}}],\"inLanguage\":\"fr-CA\"}]}<\/script>\n<!-- \/ Yoast SEO plugin. -->","yoast_head_json":{"title":"Camions vacuum pour l\u2019industrie mini\u00e8re | Supervac","description":"D\u00e9couvrez nos unit\u00e9s vacuum industrielles et hydro-excavatrices con\u00e7ues pour les environnements miniers extr\u00eames. Performance et conformit\u00e9 aux normes DOT\/TC.","robots":{"index":"index","follow":"follow","max-snippet":"max-snippet:-1","max-image-preview":"max-image-preview:large","max-video-preview":"max-video-preview:-1"},"canonical":"https:\/\/supervac.co\/fr\/industries\/minier\/","og_locale":"fr_FR","og_type":"article","og_title":"Camions vacuum pour l\u2019industrie mini\u00e8re | Supervac","og_description":"D\u00e9couvrez nos unit\u00e9s vacuum industrielles et hydro-excavatrices con\u00e7ues pour les environnements miniers extr\u00eames. Performance et conformit\u00e9 aux normes DOT\/TC.","og_url":"https:\/\/supervac.co\/fr\/industries\/minier\/","og_site_name":"Supervac","article_publisher":"https:\/\/www.facebook.com\/supervac2000\/","article_modified_time":"2025-12-09T21:04:37+00:00","twitter_card":"summary_large_image","twitter_misc":{"Est. reading time":"3 minutes"},"schema":{"@context":"https:\/\/schema.org","@graph":[{"@type":"WebPage","@id":"https:\/\/supervac.co\/fr\/industries\/minier\/","url":"https:\/\/supervac.co\/fr\/industries\/minier\/","name":"Camions vacuum pour l\u2019industrie mini\u00e8re | Supervac","isPartOf":{"@id":"https:\/\/supervac.co\/#website"},"datePublished":"2017-12-12T19:29:49+00:00","dateModified":"2025-12-09T21:04:37+00:00","description":"D\u00e9couvrez nos unit\u00e9s vacuum industrielles et hydro-excavatrices con\u00e7ues pour les environnements miniers extr\u00eames. Performance et conformit\u00e9 aux normes DOT\/TC.","breadcrumb":{"@id":"https:\/\/supervac.co\/fr\/industries\/minier\/#breadcrumb"},"inLanguage":"fr-CA","potentialAction":[{"@type":"ReadAction","target":["https:\/\/supervac.co\/fr\/industries\/minier\/"]}]},{"@type":"BreadcrumbList","@id":"https:\/\/supervac.co\/fr\/industries\/minier\/#breadcrumb","itemListElement":[{"@type":"ListItem","position":1,"name":"Accueil","item":"https:\/\/supervac.co\/fr\/"},{"@type":"ListItem","position":2,"name":"Industries","item":"https:\/\/supervac.co\/fr\/industries\/"},{"@type":"ListItem","position":3,"name":"Minier"}]},{"@type":"WebSite","@id":"https:\/\/supervac.co\/#website","url":"https:\/\/supervac.co\/","name":"Supervac","description":"","potentialAction":[{"@type":"SearchAction","target":{"@type":"EntryPoint","urlTemplate":"https:\/\/supervac.co\/?s={search_term_string}"},"query-input":{"@type":"PropertyValueSpecification","valueRequired":true,"valueName":"search_term_string"}}],"inLanguage":"fr-CA"}]}},"_links":{"self":[{"href":"https:\/\/supervac.co\/fr\/wp-json\/wp\/v2\/pages\/2026","targetHints":{"allow":["GET"]}}],"collection":[{"href":"https:\/\/supervac.co\/fr\/wp-json\/wp\/v2\/pages"}],"about":[{"href":"https:\/\/supervac.co\/fr\/wp-json\/wp\/v2\/types\/page"}],"author":[{"embeddable":true,"href":"https:\/\/supervac.co\/fr\/wp-json\/wp\/v2\/users\/7"}],"replies":[{"embeddable":true,"href":"https:\/\/supervac.co\/fr\/wp-json\/wp\/v2\/comments?post=2026"}],"version-history":[{"count":19,"href":"https:\/\/supervac.co\/fr\/wp-json\/wp\/v2\/pages\/2026\/revisions"}],"predecessor-version":[{"id":5250,"href":"https:\/\/supervac.co\/fr\/wp-json\/wp\/v2\/pages\/2026\/revisions\/5250"}],"up":[{"embeddable":true,"href":"https:\/\/supervac.co\/fr\/wp-json\/wp\/v2\/pages\/1979"}],"wp:attachment":[{"href":"https:\/\/supervac.co\/fr\/wp-json\/wp\/v2\/media?parent=2026"}],"curies":[{"name":"wp","href":"https:\/\/api.w.org\/{rel}","templated":true}]}}