{"id":2027,"date":"2017-12-12T14:28:26","date_gmt":"2017-12-12T19:28:26","guid":{"rendered":"https:\/\/supervac.co\/industries\/municipal\/"},"modified":"2025-01-28T12:07:10","modified_gmt":"2025-01-28T17:07:10","slug":"municipal","status":"publish","type":"page","link":"https:\/\/supervac.co\/fr\/industries\/municipal\/","title":{"rendered":"Municipal"},"content":{"rendered":"","protected":false},"excerpt":{"rendered":"","protected":false},"author":7,"featured_media":0,"parent":1979,"menu_order":0,"comment_status":"closed","ping_status":"closed","template":"","meta":{"_acf_changed":false,"footnotes":""},"class_list":["post-2027","page","type-page","status-publish","hentry"],"acf":[],"yoast_head":"<!-- This site is optimized with the Yoast SEO plugin v27.2 - https:\/\/yoast.com\/product\/yoast-seo-wordpress\/ -->\n<title>Combin\u00e9 cureur d&#039;\u00e9gout municipal | Supervac<\/title>\n<meta name=\"description\" content=\"Nos unit\u00e9s sont con\u00e7ues pour r\u00e9pondre aux exigences des municipalit\u00e9s pour minimiser le bruit et offrir une configuration adapt\u00e9e aux environnements restreints.\" \/>\n<meta name=\"robots\" content=\"index, follow, max-snippet:-1, max-image-preview:large, max-video-preview:-1\" \/>\n<link rel=\"canonical\" href=\"https:\/\/supervac.co\/fr\/industries\/municipal\/\" \/>\n<meta property=\"og:locale\" content=\"fr_FR\" \/>\n<meta property=\"og:type\" content=\"article\" \/>\n<meta property=\"og:title\" content=\"Combin\u00e9 cureur d&#039;\u00e9gout municipal | Supervac\" \/>\n<meta property=\"og:description\" content=\"Nos unit\u00e9s sont con\u00e7ues pour r\u00e9pondre aux exigences des municipalit\u00e9s pour minimiser le bruit et offrir une configuration adapt\u00e9e aux environnements restreints.\" \/>\n<meta property=\"og:url\" content=\"https:\/\/supervac.co\/fr\/industries\/municipal\/\" \/>\n<meta property=\"og:site_name\" content=\"Supervac\" \/>\n<meta property=\"article:publisher\" content=\"https:\/\/www.facebook.com\/supervac2000\/\" \/>\n<meta property=\"article:modified_time\" content=\"2025-01-28T17:07:10+00:00\" \/>\n<meta name=\"twitter:card\" content=\"summary_large_image\" \/>\n<meta name=\"twitter:label1\" content=\"Est. reading time\" \/>\n\t<meta name=\"twitter:data1\" content=\"3 minutes\" \/>\n<script type=\"application\/ld+json\" class=\"yoast-schema-graph\">{\"@context\":\"https:\/\/schema.org\",\"@graph\":[{\"@type\":\"WebPage\",\"@id\":\"https:\/\/supervac.co\/fr\/industries\/municipal\/\",\"url\":\"https:\/\/supervac.co\/fr\/industries\/municipal\/\",\"name\":\"Combin\u00e9 cureur d'\u00e9gout municipal | Supervac\",\"isPartOf\":{\"@id\":\"https:\/\/supervac.co\/#website\"},\"datePublished\":\"2017-12-12T19:28:26+00:00\",\"dateModified\":\"2025-01-28T17:07:10+00:00\",\"description\":\"Nos unit\u00e9s sont con\u00e7ues pour r\u00e9pondre aux exigences des municipalit\u00e9s pour minimiser le bruit et offrir une configuration adapt\u00e9e aux environnements restreints.\",\"breadcrumb\":{\"@id\":\"https:\/\/supervac.co\/fr\/industries\/municipal\/#breadcrumb\"},\"inLanguage\":\"fr-CA\",\"potentialAction\":[{\"@type\":\"ReadAction\",\"target\":[\"https:\/\/supervac.co\/fr\/industries\/municipal\/\"]}]},{\"@type\":\"BreadcrumbList\",\"@id\":\"https:\/\/supervac.co\/fr\/industries\/municipal\/#breadcrumb\",\"itemListElement\":[{\"@type\":\"ListItem\",\"position\":1,\"name\":\"Accueil\",\"item\":\"https:\/\/supervac.co\/fr\/\"},{\"@type\":\"ListItem\",\"position\":2,\"name\":\"Industries\",\"item\":\"https:\/\/supervac.co\/fr\/industries\/\"},{\"@type\":\"ListItem\",\"position\":3,\"name\":\"Municipal\"}]},{\"@type\":\"WebSite\",\"@id\":\"https:\/\/supervac.co\/#website\",\"url\":\"https:\/\/supervac.co\/\",\"name\":\"Supervac\",\"description\":\"\",\"potentialAction\":[{\"@type\":\"SearchAction\",\"target\":{\"@type\":\"EntryPoint\",\"urlTemplate\":\"https:\/\/supervac.co\/?s={search_term_string}\"},\"query-input\":{\"@type\":\"PropertyValueSpecification\",\"valueRequired\":true,\"valueName\":\"search_term_string\"}}],\"inLanguage\":\"fr-CA\"}]}<\/script>\n<!-- \/ Yoast SEO plugin. -->","yoast_head_json":{"title":"Combin\u00e9 cureur d'\u00e9gout municipal | Supervac","description":"Nos unit\u00e9s sont con\u00e7ues pour r\u00e9pondre aux exigences des municipalit\u00e9s pour minimiser le bruit et offrir une configuration adapt\u00e9e aux environnements restreints.","robots":{"index":"index","follow":"follow","max-snippet":"max-snippet:-1","max-image-preview":"max-image-preview:large","max-video-preview":"max-video-preview:-1"},"canonical":"https:\/\/supervac.co\/fr\/industries\/municipal\/","og_locale":"fr_FR","og_type":"article","og_title":"Combin\u00e9 cureur d'\u00e9gout municipal | Supervac","og_description":"Nos unit\u00e9s sont con\u00e7ues pour r\u00e9pondre aux exigences des municipalit\u00e9s pour minimiser le bruit et offrir une configuration adapt\u00e9e aux environnements restreints.","og_url":"https:\/\/supervac.co\/fr\/industries\/municipal\/","og_site_name":"Supervac","article_publisher":"https:\/\/www.facebook.com\/supervac2000\/","article_modified_time":"2025-01-28T17:07:10+00:00","twitter_card":"summary_large_image","twitter_misc":{"Est. reading time":"3 minutes"},"schema":{"@context":"https:\/\/schema.org","@graph":[{"@type":"WebPage","@id":"https:\/\/supervac.co\/fr\/industries\/municipal\/","url":"https:\/\/supervac.co\/fr\/industries\/municipal\/","name":"Combin\u00e9 cureur d'\u00e9gout municipal | Supervac","isPartOf":{"@id":"https:\/\/supervac.co\/#website"},"datePublished":"2017-12-12T19:28:26+00:00","dateModified":"2025-01-28T17:07:10+00:00","description":"Nos unit\u00e9s sont con\u00e7ues pour r\u00e9pondre aux exigences des municipalit\u00e9s pour minimiser le bruit et offrir une configuration adapt\u00e9e aux environnements restreints.","breadcrumb":{"@id":"https:\/\/supervac.co\/fr\/industries\/municipal\/#breadcrumb"},"inLanguage":"fr-CA","potentialAction":[{"@type":"ReadAction","target":["https:\/\/supervac.co\/fr\/industries\/municipal\/"]}]},{"@type":"BreadcrumbList","@id":"https:\/\/supervac.co\/fr\/industries\/municipal\/#breadcrumb","itemListElement":[{"@type":"ListItem","position":1,"name":"Accueil","item":"https:\/\/supervac.co\/fr\/"},{"@type":"ListItem","position":2,"name":"Industries","item":"https:\/\/supervac.co\/fr\/industries\/"},{"@type":"ListItem","position":3,"name":"Municipal"}]},{"@type":"WebSite","@id":"https:\/\/supervac.co\/#website","url":"https:\/\/supervac.co\/","name":"Supervac","description":"","potentialAction":[{"@type":"SearchAction","target":{"@type":"EntryPoint","urlTemplate":"https:\/\/supervac.co\/?s={search_term_string}"},"query-input":{"@type":"PropertyValueSpecification","valueRequired":true,"valueName":"search_term_string"}}],"inLanguage":"fr-CA"}]}},"_links":{"self":[{"href":"https:\/\/supervac.co\/fr\/wp-json\/wp\/v2\/pages\/2027","targetHints":{"allow":["GET"]}}],"collection":[{"href":"https:\/\/supervac.co\/fr\/wp-json\/wp\/v2\/pages"}],"about":[{"href":"https:\/\/supervac.co\/fr\/wp-json\/wp\/v2\/types\/page"}],"author":[{"embeddable":true,"href":"https:\/\/supervac.co\/fr\/wp-json\/wp\/v2\/users\/7"}],"replies":[{"embeddable":true,"href":"https:\/\/supervac.co\/fr\/wp-json\/wp\/v2\/comments?post=2027"}],"version-history":[{"count":10,"href":"https:\/\/supervac.co\/fr\/wp-json\/wp\/v2\/pages\/2027\/revisions"}],"predecessor-version":[{"id":5017,"href":"https:\/\/supervac.co\/fr\/wp-json\/wp\/v2\/pages\/2027\/revisions\/5017"}],"up":[{"embeddable":true,"href":"https:\/\/supervac.co\/fr\/wp-json\/wp\/v2\/pages\/1979"}],"wp:attachment":[{"href":"https:\/\/supervac.co\/fr\/wp-json\/wp\/v2\/media?parent=2027"}],"curies":[{"name":"wp","href":"https:\/\/api.w.org\/{rel}","templated":true}]}}