{"id":2034,"date":"2017-12-12T15:02:29","date_gmt":"2017-12-12T20:02:29","guid":{"rendered":"https:\/\/supervac.co\/benefits\/custom-built-trucks\/"},"modified":"2025-01-28T11:56:45","modified_gmt":"2025-01-28T16:56:45","slug":"camion-sur-mesure","status":"publish","type":"page","link":"https:\/\/supervac.co\/fr\/avantages\/camion-sur-mesure\/","title":{"rendered":"Camions sur mesure"},"content":{"rendered":"","protected":false},"excerpt":{"rendered":"","protected":false},"author":7,"featured_media":0,"parent":1985,"menu_order":0,"comment_status":"closed","ping_status":"closed","template":"","meta":{"_acf_changed":false,"footnotes":""},"class_list":["post-2034","page","type-page","status-publish","hentry"],"acf":[],"yoast_head":"<!-- This site is optimized with the Yoast SEO plugin v27.2 - https:\/\/yoast.com\/product\/yoast-seo-wordpress\/ -->\n<title>Custom Built Truck Design - Vacuum Truck Manufacturers<\/title>\n<meta name=\"description\" content=\"Tous les camions et unit\u00e9s Supervac sont construits pour r\u00e9pondre aux besoins sp\u00e9cifiques de chaque client. De la conception \u00e0 la fabrication sur mesure, tout est mis en place pour vous offrir le camion dont vous avez besoin. D\u00e9couvrez toutes les possibilit\u00e9s.\" \/>\n<meta name=\"robots\" content=\"index, follow, max-snippet:-1, max-image-preview:large, max-video-preview:-1\" \/>\n<link rel=\"canonical\" href=\"https:\/\/supervac.co\/fr\/avantages\/camion-sur-mesure\/\" \/>\n<meta property=\"og:locale\" content=\"fr_FR\" \/>\n<meta property=\"og:type\" content=\"article\" \/>\n<meta property=\"og:title\" content=\"Custom Built Truck Design - Vacuum Truck Manufacturers\" \/>\n<meta property=\"og:description\" content=\"Tous les camions et unit\u00e9s Supervac sont construits pour r\u00e9pondre aux besoins sp\u00e9cifiques de chaque client. De la conception \u00e0 la fabrication sur mesure, tout est mis en place pour vous offrir le camion dont vous avez besoin. D\u00e9couvrez toutes les possibilit\u00e9s.\" \/>\n<meta property=\"og:url\" content=\"https:\/\/supervac.co\/fr\/avantages\/camion-sur-mesure\/\" \/>\n<meta property=\"og:site_name\" content=\"Supervac\" \/>\n<meta property=\"article:publisher\" content=\"https:\/\/www.facebook.com\/supervac2000\/\" \/>\n<meta property=\"article:modified_time\" content=\"2025-01-28T16:56:45+00:00\" \/>\n<meta name=\"twitter:card\" content=\"summary_large_image\" \/>\n<meta name=\"twitter:label1\" content=\"Est. reading time\" \/>\n\t<meta name=\"twitter:data1\" content=\"2 minutes\" \/>\n<script type=\"application\/ld+json\" class=\"yoast-schema-graph\">{\"@context\":\"https:\/\/schema.org\",\"@graph\":[{\"@type\":\"WebPage\",\"@id\":\"https:\/\/supervac.co\/fr\/avantages\/camion-sur-mesure\/\",\"url\":\"https:\/\/supervac.co\/fr\/avantages\/camion-sur-mesure\/\",\"name\":\"Custom Built Truck Design - Vacuum Truck Manufacturers\",\"isPartOf\":{\"@id\":\"https:\/\/supervac.co\/#website\"},\"datePublished\":\"2017-12-12T20:02:29+00:00\",\"dateModified\":\"2025-01-28T16:56:45+00:00\",\"description\":\"Tous les camions et unit\u00e9s Supervac sont construits pour r\u00e9pondre aux besoins sp\u00e9cifiques de chaque client. De la conception \u00e0 la fabrication sur mesure, tout est mis en place pour vous offrir le camion dont vous avez besoin. D\u00e9couvrez toutes les possibilit\u00e9s.\",\"breadcrumb\":{\"@id\":\"https:\/\/supervac.co\/fr\/avantages\/camion-sur-mesure\/#breadcrumb\"},\"inLanguage\":\"fr-CA\",\"potentialAction\":[{\"@type\":\"ReadAction\",\"target\":[\"https:\/\/supervac.co\/fr\/avantages\/camion-sur-mesure\/\"]}]},{\"@type\":\"BreadcrumbList\",\"@id\":\"https:\/\/supervac.co\/fr\/avantages\/camion-sur-mesure\/#breadcrumb\",\"itemListElement\":[{\"@type\":\"ListItem\",\"position\":1,\"name\":\"Accueil\",\"item\":\"https:\/\/supervac.co\/fr\/\"},{\"@type\":\"ListItem\",\"position\":2,\"name\":\"Avantages\",\"item\":\"https:\/\/supervac.co\/fr\/avantages\/\"},{\"@type\":\"ListItem\",\"position\":3,\"name\":\"Camions sur mesure\"}]},{\"@type\":\"WebSite\",\"@id\":\"https:\/\/supervac.co\/#website\",\"url\":\"https:\/\/supervac.co\/\",\"name\":\"Supervac\",\"description\":\"\",\"potentialAction\":[{\"@type\":\"SearchAction\",\"target\":{\"@type\":\"EntryPoint\",\"urlTemplate\":\"https:\/\/supervac.co\/?s={search_term_string}\"},\"query-input\":{\"@type\":\"PropertyValueSpecification\",\"valueRequired\":true,\"valueName\":\"search_term_string\"}}],\"inLanguage\":\"fr-CA\"}]}<\/script>\n<!-- \/ Yoast SEO plugin. -->","yoast_head_json":{"title":"Custom Built Truck Design - Vacuum Truck Manufacturers","description":"Tous les camions et unit\u00e9s Supervac sont construits pour r\u00e9pondre aux besoins sp\u00e9cifiques de chaque client. De la conception \u00e0 la fabrication sur mesure, tout est mis en place pour vous offrir le camion dont vous avez besoin. D\u00e9couvrez toutes les possibilit\u00e9s.","robots":{"index":"index","follow":"follow","max-snippet":"max-snippet:-1","max-image-preview":"max-image-preview:large","max-video-preview":"max-video-preview:-1"},"canonical":"https:\/\/supervac.co\/fr\/avantages\/camion-sur-mesure\/","og_locale":"fr_FR","og_type":"article","og_title":"Custom Built Truck Design - Vacuum Truck Manufacturers","og_description":"Tous les camions et unit\u00e9s Supervac sont construits pour r\u00e9pondre aux besoins sp\u00e9cifiques de chaque client. De la conception \u00e0 la fabrication sur mesure, tout est mis en place pour vous offrir le camion dont vous avez besoin. D\u00e9couvrez toutes les possibilit\u00e9s.","og_url":"https:\/\/supervac.co\/fr\/avantages\/camion-sur-mesure\/","og_site_name":"Supervac","article_publisher":"https:\/\/www.facebook.com\/supervac2000\/","article_modified_time":"2025-01-28T16:56:45+00:00","twitter_card":"summary_large_image","twitter_misc":{"Est. reading time":"2 minutes"},"schema":{"@context":"https:\/\/schema.org","@graph":[{"@type":"WebPage","@id":"https:\/\/supervac.co\/fr\/avantages\/camion-sur-mesure\/","url":"https:\/\/supervac.co\/fr\/avantages\/camion-sur-mesure\/","name":"Custom Built Truck Design - Vacuum Truck Manufacturers","isPartOf":{"@id":"https:\/\/supervac.co\/#website"},"datePublished":"2017-12-12T20:02:29+00:00","dateModified":"2025-01-28T16:56:45+00:00","description":"Tous les camions et unit\u00e9s Supervac sont construits pour r\u00e9pondre aux besoins sp\u00e9cifiques de chaque client. De la conception \u00e0 la fabrication sur mesure, tout est mis en place pour vous offrir le camion dont vous avez besoin. D\u00e9couvrez toutes les possibilit\u00e9s.","breadcrumb":{"@id":"https:\/\/supervac.co\/fr\/avantages\/camion-sur-mesure\/#breadcrumb"},"inLanguage":"fr-CA","potentialAction":[{"@type":"ReadAction","target":["https:\/\/supervac.co\/fr\/avantages\/camion-sur-mesure\/"]}]},{"@type":"BreadcrumbList","@id":"https:\/\/supervac.co\/fr\/avantages\/camion-sur-mesure\/#breadcrumb","itemListElement":[{"@type":"ListItem","position":1,"name":"Accueil","item":"https:\/\/supervac.co\/fr\/"},{"@type":"ListItem","position":2,"name":"Avantages","item":"https:\/\/supervac.co\/fr\/avantages\/"},{"@type":"ListItem","position":3,"name":"Camions sur mesure"}]},{"@type":"WebSite","@id":"https:\/\/supervac.co\/#website","url":"https:\/\/supervac.co\/","name":"Supervac","description":"","potentialAction":[{"@type":"SearchAction","target":{"@type":"EntryPoint","urlTemplate":"https:\/\/supervac.co\/?s={search_term_string}"},"query-input":{"@type":"PropertyValueSpecification","valueRequired":true,"valueName":"search_term_string"}}],"inLanguage":"fr-CA"}]}},"_links":{"self":[{"href":"https:\/\/supervac.co\/fr\/wp-json\/wp\/v2\/pages\/2034","targetHints":{"allow":["GET"]}}],"collection":[{"href":"https:\/\/supervac.co\/fr\/wp-json\/wp\/v2\/pages"}],"about":[{"href":"https:\/\/supervac.co\/fr\/wp-json\/wp\/v2\/types\/page"}],"author":[{"embeddable":true,"href":"https:\/\/supervac.co\/fr\/wp-json\/wp\/v2\/users\/7"}],"replies":[{"embeddable":true,"href":"https:\/\/supervac.co\/fr\/wp-json\/wp\/v2\/comments?post=2034"}],"version-history":[{"count":6,"href":"https:\/\/supervac.co\/fr\/wp-json\/wp\/v2\/pages\/2034\/revisions"}],"predecessor-version":[{"id":5011,"href":"https:\/\/supervac.co\/fr\/wp-json\/wp\/v2\/pages\/2034\/revisions\/5011"}],"up":[{"embeddable":true,"href":"https:\/\/supervac.co\/fr\/wp-json\/wp\/v2\/pages\/1985"}],"wp:attachment":[{"href":"https:\/\/supervac.co\/fr\/wp-json\/wp\/v2\/media?parent=2034"}],"curies":[{"name":"wp","href":"https:\/\/api.w.org\/{rel}","templated":true}]}}