{"id":2040,"date":"2017-12-12T15:15:46","date_gmt":"2017-12-12T20:15:46","guid":{"rendered":"https:\/\/supervac.co\/services\/troubleshooting-faq\/"},"modified":"2018-03-20T15:44:36","modified_gmt":"2018-03-20T19:44:36","slug":"depannage-faq","status":"publish","type":"page","link":"https:\/\/supervac.co\/fr\/services\/depannage-faq\/","title":{"rendered":"D\u00e9pannage FAQ"},"content":{"rendered":"","protected":false},"excerpt":{"rendered":"","protected":false},"author":1,"featured_media":0,"parent":1986,"menu_order":0,"comment_status":"closed","ping_status":"closed","template":"","meta":{"_acf_changed":false,"footnotes":""},"class_list":["post-2040","page","type-page","status-publish","hentry"],"acf":[],"yoast_head":"<!-- This site is optimized with the Yoast SEO plugin v27.5 - https:\/\/yoast.com\/product\/yoast-seo-wordpress\/ -->\n<title>D\u00e9pannage camion- Trouvez des r\u00e9ponses dans notre FAQ | Supervac<\/title>\n<meta name=\"description\" content=\"Voici le guide des probl\u00e8mes les plus fr\u00e9quents ainsi que les solutions du produit. Veuillez lire attentivement ce guide et si le probl\u00e8me persiste, veuillez nous appeler, il nous fera un plaisir de vous aider.\" \/>\n<meta name=\"robots\" content=\"index, follow, max-snippet:-1, max-image-preview:large, max-video-preview:-1\" \/>\n<link rel=\"canonical\" href=\"https:\/\/supervac.co\/fr\/services\/depannage-faq\/\" \/>\n<meta property=\"og:locale\" content=\"fr_FR\" \/>\n<meta property=\"og:type\" content=\"article\" \/>\n<meta property=\"og:title\" content=\"D\u00e9pannage camion- Trouvez des r\u00e9ponses dans notre FAQ | Supervac\" \/>\n<meta property=\"og:description\" content=\"Voici le guide des probl\u00e8mes les plus fr\u00e9quents ainsi que les solutions du produit. Veuillez lire attentivement ce guide et si le probl\u00e8me persiste, veuillez nous appeler, il nous fera un plaisir de vous aider.\" \/>\n<meta property=\"og:url\" content=\"https:\/\/supervac.co\/fr\/services\/depannage-faq\/\" \/>\n<meta property=\"og:site_name\" content=\"Supervac\" \/>\n<meta property=\"article:publisher\" content=\"https:\/\/www.facebook.com\/supervac2000\/\" \/>\n<meta property=\"article:modified_time\" content=\"2018-03-20T19:44:36+00:00\" \/>\n<meta name=\"twitter:card\" content=\"summary_large_image\" \/>\n<script type=\"application\/ld+json\" class=\"yoast-schema-graph\">{\"@context\":\"https:\\\/\\\/schema.org\",\"@graph\":[{\"@type\":\"WebPage\",\"@id\":\"https:\\\/\\\/supervac.co\\\/fr\\\/services\\\/depannage-faq\\\/\",\"url\":\"https:\\\/\\\/supervac.co\\\/fr\\\/services\\\/depannage-faq\\\/\",\"name\":\"D\u00e9pannage camion- Trouvez des r\u00e9ponses dans notre FAQ | Supervac\",\"isPartOf\":{\"@id\":\"https:\\\/\\\/supervac.co\\\/#website\"},\"datePublished\":\"2017-12-12T20:15:46+00:00\",\"dateModified\":\"2018-03-20T19:44:36+00:00\",\"description\":\"Voici le guide des probl\u00e8mes les plus fr\u00e9quents ainsi que les solutions du produit. Veuillez lire attentivement ce guide et si le probl\u00e8me persiste, veuillez nous appeler, il nous fera un plaisir de vous aider.\",\"breadcrumb\":{\"@id\":\"https:\\\/\\\/supervac.co\\\/fr\\\/services\\\/depannage-faq\\\/#breadcrumb\"},\"inLanguage\":\"fr-CA\",\"potentialAction\":[{\"@type\":\"ReadAction\",\"target\":[\"https:\\\/\\\/supervac.co\\\/fr\\\/services\\\/depannage-faq\\\/\"]}]},{\"@type\":\"BreadcrumbList\",\"@id\":\"https:\\\/\\\/supervac.co\\\/fr\\\/services\\\/depannage-faq\\\/#breadcrumb\",\"itemListElement\":[{\"@type\":\"ListItem\",\"position\":1,\"name\":\"Accueil\",\"item\":\"https:\\\/\\\/supervac.co\\\/fr\\\/\"},{\"@type\":\"ListItem\",\"position\":2,\"name\":\"Services\",\"item\":\"https:\\\/\\\/supervac.co\\\/fr\\\/services\\\/\"},{\"@type\":\"ListItem\",\"position\":3,\"name\":\"D\u00e9pannage FAQ\"}]},{\"@type\":\"WebSite\",\"@id\":\"https:\\\/\\\/supervac.co\\\/#website\",\"url\":\"https:\\\/\\\/supervac.co\\\/\",\"name\":\"Supervac\",\"description\":\"\",\"potentialAction\":[{\"@type\":\"SearchAction\",\"target\":{\"@type\":\"EntryPoint\",\"urlTemplate\":\"https:\\\/\\\/supervac.co\\\/?s={search_term_string}\"},\"query-input\":{\"@type\":\"PropertyValueSpecification\",\"valueRequired\":true,\"valueName\":\"search_term_string\"}}],\"inLanguage\":\"fr-CA\"}]}<\/script>\n<!-- \/ Yoast SEO plugin. -->","yoast_head_json":{"title":"D\u00e9pannage camion- Trouvez des r\u00e9ponses dans notre FAQ | Supervac","description":"Voici le guide des probl\u00e8mes les plus fr\u00e9quents ainsi que les solutions du produit. Veuillez lire attentivement ce guide et si le probl\u00e8me persiste, veuillez nous appeler, il nous fera un plaisir de vous aider.","robots":{"index":"index","follow":"follow","max-snippet":"max-snippet:-1","max-image-preview":"max-image-preview:large","max-video-preview":"max-video-preview:-1"},"canonical":"https:\/\/supervac.co\/fr\/services\/depannage-faq\/","og_locale":"fr_FR","og_type":"article","og_title":"D\u00e9pannage camion- Trouvez des r\u00e9ponses dans notre FAQ | Supervac","og_description":"Voici le guide des probl\u00e8mes les plus fr\u00e9quents ainsi que les solutions du produit. Veuillez lire attentivement ce guide et si le probl\u00e8me persiste, veuillez nous appeler, il nous fera un plaisir de vous aider.","og_url":"https:\/\/supervac.co\/fr\/services\/depannage-faq\/","og_site_name":"Supervac","article_publisher":"https:\/\/www.facebook.com\/supervac2000\/","article_modified_time":"2018-03-20T19:44:36+00:00","twitter_card":"summary_large_image","schema":{"@context":"https:\/\/schema.org","@graph":[{"@type":"WebPage","@id":"https:\/\/supervac.co\/fr\/services\/depannage-faq\/","url":"https:\/\/supervac.co\/fr\/services\/depannage-faq\/","name":"D\u00e9pannage camion- Trouvez des r\u00e9ponses dans notre FAQ | Supervac","isPartOf":{"@id":"https:\/\/supervac.co\/#website"},"datePublished":"2017-12-12T20:15:46+00:00","dateModified":"2018-03-20T19:44:36+00:00","description":"Voici le guide des probl\u00e8mes les plus fr\u00e9quents ainsi que les solutions du produit. Veuillez lire attentivement ce guide et si le probl\u00e8me persiste, veuillez nous appeler, il nous fera un plaisir de vous aider.","breadcrumb":{"@id":"https:\/\/supervac.co\/fr\/services\/depannage-faq\/#breadcrumb"},"inLanguage":"fr-CA","potentialAction":[{"@type":"ReadAction","target":["https:\/\/supervac.co\/fr\/services\/depannage-faq\/"]}]},{"@type":"BreadcrumbList","@id":"https:\/\/supervac.co\/fr\/services\/depannage-faq\/#breadcrumb","itemListElement":[{"@type":"ListItem","position":1,"name":"Accueil","item":"https:\/\/supervac.co\/fr\/"},{"@type":"ListItem","position":2,"name":"Services","item":"https:\/\/supervac.co\/fr\/services\/"},{"@type":"ListItem","position":3,"name":"D\u00e9pannage FAQ"}]},{"@type":"WebSite","@id":"https:\/\/supervac.co\/#website","url":"https:\/\/supervac.co\/","name":"Supervac","description":"","potentialAction":[{"@type":"SearchAction","target":{"@type":"EntryPoint","urlTemplate":"https:\/\/supervac.co\/?s={search_term_string}"},"query-input":{"@type":"PropertyValueSpecification","valueRequired":true,"valueName":"search_term_string"}}],"inLanguage":"fr-CA"}]}},"_links":{"self":[{"href":"https:\/\/supervac.co\/fr\/wp-json\/wp\/v2\/pages\/2040","targetHints":{"allow":["GET"]}}],"collection":[{"href":"https:\/\/supervac.co\/fr\/wp-json\/wp\/v2\/pages"}],"about":[{"href":"https:\/\/supervac.co\/fr\/wp-json\/wp\/v2\/types\/page"}],"author":[{"embeddable":true,"href":"https:\/\/supervac.co\/fr\/wp-json\/wp\/v2\/users\/1"}],"replies":[{"embeddable":true,"href":"https:\/\/supervac.co\/fr\/wp-json\/wp\/v2\/comments?post=2040"}],"version-history":[{"count":2,"href":"https:\/\/supervac.co\/fr\/wp-json\/wp\/v2\/pages\/2040\/revisions"}],"predecessor-version":[{"id":2549,"href":"https:\/\/supervac.co\/fr\/wp-json\/wp\/v2\/pages\/2040\/revisions\/2549"}],"up":[{"embeddable":true,"href":"https:\/\/supervac.co\/fr\/wp-json\/wp\/v2\/pages\/1986"}],"wp:attachment":[{"href":"https:\/\/supervac.co\/fr\/wp-json\/wp\/v2\/media?parent=2040"}],"curies":[{"name":"wp","href":"https:\/\/api.w.org\/{rel}","templated":true}]}}