{"id":4257,"date":"2023-04-03T21:26:54","date_gmt":"2023-04-04T01:26:54","guid":{"rendered":"https:\/\/supervac.co\/?page_id=4257"},"modified":"2024-05-09T17:38:27","modified_gmt":"2024-05-09T21:38:27","slug":"leto-hv","status":"publish","type":"page","link":"https:\/\/supervac.co\/fr\/camions-equipements\/combine-cureur-egouts\/leto-hv\/","title":{"rendered":"Leto HV"},"content":{"rendered":"","protected":false},"excerpt":{"rendered":"","protected":false},"author":5,"featured_media":0,"parent":1922,"menu_order":0,"comment_status":"closed","ping_status":"closed","template":"","meta":{"_acf_changed":false,"footnotes":""},"class_list":["post-4257","page","type-page","status-publish","hentry"],"acf":[],"yoast_head":"<!-- This site is optimized with the Yoast SEO plugin v27.2 - https:\/\/yoast.com\/product\/yoast-seo-wordpress\/ -->\n<title>Leto | Nettoyeur d&#039;\u00e9gouts de Supervac<\/title>\n<meta name=\"description\" content=\"Le LETO est un petit nettoyeur d\u2019\u00e9gouts \u00e0 empattement court: le choix tout indiqu\u00e9 des contracteurs et des municipalit\u00e9s \u00e0 la recherche de man\u0153uvrabilit\u00e9.\" \/>\n<meta name=\"robots\" content=\"index, follow, max-snippet:-1, max-image-preview:large, max-video-preview:-1\" \/>\n<link rel=\"canonical\" href=\"https:\/\/supervac.co\/fr\/camions-equipements\/combine-cureur-egouts\/leto-hv\/\" \/>\n<meta property=\"og:locale\" content=\"fr_FR\" \/>\n<meta property=\"og:type\" content=\"article\" \/>\n<meta property=\"og:title\" content=\"Leto | Nettoyeur d&#039;\u00e9gouts de Supervac\" \/>\n<meta property=\"og:description\" content=\"Le LETO est un petit nettoyeur d\u2019\u00e9gouts \u00e0 empattement court: le choix tout indiqu\u00e9 des contracteurs et des municipalit\u00e9s \u00e0 la recherche de man\u0153uvrabilit\u00e9.\" \/>\n<meta property=\"og:url\" content=\"https:\/\/supervac.co\/fr\/camions-equipements\/combine-cureur-egouts\/leto-hv\/\" \/>\n<meta property=\"og:site_name\" content=\"Supervac\" \/>\n<meta property=\"article:publisher\" content=\"https:\/\/www.facebook.com\/supervac2000\/\" \/>\n<meta property=\"article:modified_time\" content=\"2024-05-09T21:38:27+00:00\" \/>\n<meta name=\"twitter:card\" content=\"summary_large_image\" \/>\n<meta name=\"twitter:label1\" content=\"Est. reading time\" \/>\n\t<meta name=\"twitter:data1\" content=\"3 minutes\" \/>\n<script type=\"application\/ld+json\" class=\"yoast-schema-graph\">{\"@context\":\"https:\/\/schema.org\",\"@graph\":[{\"@type\":\"WebPage\",\"@id\":\"https:\/\/supervac.co\/fr\/camions-equipements\/combine-cureur-egouts\/leto-hv\/\",\"url\":\"https:\/\/supervac.co\/fr\/camions-equipements\/combine-cureur-egouts\/leto-hv\/\",\"name\":\"Leto | Nettoyeur d'\u00e9gouts de Supervac\",\"isPartOf\":{\"@id\":\"https:\/\/supervac.co\/#website\"},\"datePublished\":\"2023-04-04T01:26:54+00:00\",\"dateModified\":\"2024-05-09T21:38:27+00:00\",\"description\":\"Le LETO est un petit nettoyeur d\u2019\u00e9gouts \u00e0 empattement court: le choix tout indiqu\u00e9 des contracteurs et des municipalit\u00e9s \u00e0 la recherche de man\u0153uvrabilit\u00e9.\",\"breadcrumb\":{\"@id\":\"https:\/\/supervac.co\/fr\/camions-equipements\/combine-cureur-egouts\/leto-hv\/#breadcrumb\"},\"inLanguage\":\"fr-CA\",\"potentialAction\":[{\"@type\":\"ReadAction\",\"target\":[\"https:\/\/supervac.co\/fr\/camions-equipements\/combine-cureur-egouts\/leto-hv\/\"]}]},{\"@type\":\"BreadcrumbList\",\"@id\":\"https:\/\/supervac.co\/fr\/camions-equipements\/combine-cureur-egouts\/leto-hv\/#breadcrumb\",\"itemListElement\":[{\"@type\":\"ListItem\",\"position\":1,\"name\":\"Accueil\",\"item\":\"https:\/\/supervac.co\/fr\/\"},{\"@type\":\"ListItem\",\"position\":2,\"name\":\"Camions et \u00e9quipements\",\"item\":\"https:\/\/supervac.co\/fr\/camions-equipements\/\"},{\"@type\":\"ListItem\",\"position\":3,\"name\":\"Combin\u00e9 cureur d&#8217;\u00e9gouts\",\"item\":\"https:\/\/supervac.co\/fr\/camions-equipements\/combine-cureur-egouts\/\"},{\"@type\":\"ListItem\",\"position\":4,\"name\":\"Leto HV\"}]},{\"@type\":\"WebSite\",\"@id\":\"https:\/\/supervac.co\/#website\",\"url\":\"https:\/\/supervac.co\/\",\"name\":\"Supervac\",\"description\":\"\",\"potentialAction\":[{\"@type\":\"SearchAction\",\"target\":{\"@type\":\"EntryPoint\",\"urlTemplate\":\"https:\/\/supervac.co\/?s={search_term_string}\"},\"query-input\":{\"@type\":\"PropertyValueSpecification\",\"valueRequired\":true,\"valueName\":\"search_term_string\"}}],\"inLanguage\":\"fr-CA\"}]}<\/script>\n<!-- \/ Yoast SEO plugin. -->","yoast_head_json":{"title":"Leto | Nettoyeur d'\u00e9gouts de Supervac","description":"Le LETO est un petit nettoyeur d\u2019\u00e9gouts \u00e0 empattement court: le choix tout indiqu\u00e9 des contracteurs et des municipalit\u00e9s \u00e0 la recherche de man\u0153uvrabilit\u00e9.","robots":{"index":"index","follow":"follow","max-snippet":"max-snippet:-1","max-image-preview":"max-image-preview:large","max-video-preview":"max-video-preview:-1"},"canonical":"https:\/\/supervac.co\/fr\/camions-equipements\/combine-cureur-egouts\/leto-hv\/","og_locale":"fr_FR","og_type":"article","og_title":"Leto | Nettoyeur d'\u00e9gouts de Supervac","og_description":"Le LETO est un petit nettoyeur d\u2019\u00e9gouts \u00e0 empattement court: le choix tout indiqu\u00e9 des contracteurs et des municipalit\u00e9s \u00e0 la recherche de man\u0153uvrabilit\u00e9.","og_url":"https:\/\/supervac.co\/fr\/camions-equipements\/combine-cureur-egouts\/leto-hv\/","og_site_name":"Supervac","article_publisher":"https:\/\/www.facebook.com\/supervac2000\/","article_modified_time":"2024-05-09T21:38:27+00:00","twitter_card":"summary_large_image","twitter_misc":{"Est. reading time":"3 minutes"},"schema":{"@context":"https:\/\/schema.org","@graph":[{"@type":"WebPage","@id":"https:\/\/supervac.co\/fr\/camions-equipements\/combine-cureur-egouts\/leto-hv\/","url":"https:\/\/supervac.co\/fr\/camions-equipements\/combine-cureur-egouts\/leto-hv\/","name":"Leto | Nettoyeur d'\u00e9gouts de Supervac","isPartOf":{"@id":"https:\/\/supervac.co\/#website"},"datePublished":"2023-04-04T01:26:54+00:00","dateModified":"2024-05-09T21:38:27+00:00","description":"Le LETO est un petit nettoyeur d\u2019\u00e9gouts \u00e0 empattement court: le choix tout indiqu\u00e9 des contracteurs et des municipalit\u00e9s \u00e0 la recherche de man\u0153uvrabilit\u00e9.","breadcrumb":{"@id":"https:\/\/supervac.co\/fr\/camions-equipements\/combine-cureur-egouts\/leto-hv\/#breadcrumb"},"inLanguage":"fr-CA","potentialAction":[{"@type":"ReadAction","target":["https:\/\/supervac.co\/fr\/camions-equipements\/combine-cureur-egouts\/leto-hv\/"]}]},{"@type":"BreadcrumbList","@id":"https:\/\/supervac.co\/fr\/camions-equipements\/combine-cureur-egouts\/leto-hv\/#breadcrumb","itemListElement":[{"@type":"ListItem","position":1,"name":"Accueil","item":"https:\/\/supervac.co\/fr\/"},{"@type":"ListItem","position":2,"name":"Camions et \u00e9quipements","item":"https:\/\/supervac.co\/fr\/camions-equipements\/"},{"@type":"ListItem","position":3,"name":"Combin\u00e9 cureur d&#8217;\u00e9gouts","item":"https:\/\/supervac.co\/fr\/camions-equipements\/combine-cureur-egouts\/"},{"@type":"ListItem","position":4,"name":"Leto HV"}]},{"@type":"WebSite","@id":"https:\/\/supervac.co\/#website","url":"https:\/\/supervac.co\/","name":"Supervac","description":"","potentialAction":[{"@type":"SearchAction","target":{"@type":"EntryPoint","urlTemplate":"https:\/\/supervac.co\/?s={search_term_string}"},"query-input":{"@type":"PropertyValueSpecification","valueRequired":true,"valueName":"search_term_string"}}],"inLanguage":"fr-CA"}]}},"_links":{"self":[{"href":"https:\/\/supervac.co\/fr\/wp-json\/wp\/v2\/pages\/4257","targetHints":{"allow":["GET"]}}],"collection":[{"href":"https:\/\/supervac.co\/fr\/wp-json\/wp\/v2\/pages"}],"about":[{"href":"https:\/\/supervac.co\/fr\/wp-json\/wp\/v2\/types\/page"}],"author":[{"embeddable":true,"href":"https:\/\/supervac.co\/fr\/wp-json\/wp\/v2\/users\/5"}],"replies":[{"embeddable":true,"href":"https:\/\/supervac.co\/fr\/wp-json\/wp\/v2\/comments?post=4257"}],"version-history":[{"count":9,"href":"https:\/\/supervac.co\/fr\/wp-json\/wp\/v2\/pages\/4257\/revisions"}],"predecessor-version":[{"id":4876,"href":"https:\/\/supervac.co\/fr\/wp-json\/wp\/v2\/pages\/4257\/revisions\/4876"}],"up":[{"embeddable":true,"href":"https:\/\/supervac.co\/fr\/wp-json\/wp\/v2\/pages\/1922"}],"wp:attachment":[{"href":"https:\/\/supervac.co\/fr\/wp-json\/wp\/v2\/media?parent=4257"}],"curies":[{"name":"wp","href":"https:\/\/api.w.org\/{rel}","templated":true}]}}